{"id":187,"date":"2025-05-13T15:57:45","date_gmt":"2025-05-13T07:57:45","guid":{"rendered":"http:\/\/www.canneed.com\/fr\/?post_type=product&#038;p=187"},"modified":"2025-05-13T15:57:53","modified_gmt":"2025-05-13T07:57:53","slug":"canneed-asst-100","status":"publish","type":"product","link":"https:\/\/www.canneed.com\/fr\/product\/canneed-asst-100\/","title":{"rendered":"CanNeed-ASST-100"},"content":{"rendered":"<p>&nbsp;<\/p>\n<h3>Application<\/h3>\n<div class='prodocut_content'>Le testeur automatique de scell\u00e9s s\u00e9curis\u00e9s CanNeed-ASST-1000 est utilis\u00e9 pour tester l&rsquo;int\u00e9grit\u00e9 des scell\u00e9s apr\u00e8s l&#8217;emballage. En d\u00e9tectant les fuites de gaz, il contr\u00f4le efficacement l&rsquo;int\u00e9grit\u00e9 du joint apr\u00e8s l&#8217;emballage. Il est utilis\u00e9 pour tester les bouteilles en PET, les bouteilles en verre et les bo\u00eetes de conserve. Il peut \u00e9galement \u00eatre utilis\u00e9 pour tester les capsules et les bouchons de bouteilles en PET. Il contr\u00f4le efficacement la propri\u00e9t\u00e9 d&rsquo;\u00e9tanch\u00e9it\u00e9 et pr\u00e9vient les fuites de gaz, c&rsquo;est pourquoi il est largement utilis\u00e9 dans l&rsquo;industrie des boissons. Placer l&rsquo;\u00e9chantillon dans l&rsquo;eau et prendre une charge de pression, puis observer s&rsquo;il y a une fuite de gaz pour juger de l&rsquo;int\u00e9grit\u00e9 du joint.<\/div>\n<p>&nbsp;<\/p>\n<h3>Les avantages<\/h3>\n<div class='prodocut_content'>\n<ol>\n<li>\n\t\tFonctionnement simple : placez les \u00e9chantillons, appuyez sur le bouton de test, le test s&rsquo;ach\u00e8ve automatiquement.\n\t<\/li>\n<li>\n\t\tDites adieu aux probl\u00e8mes de per\u00e7age, en particulier pour les capsules couronn\u00e9es, vous n&rsquo;avez pas \u00e0 vous inqui\u00e9ter des difficult\u00e9s de per\u00e7age.\n\t<\/li>\n<li>\n\t\tT\u00eate de per\u00e7age sous vide, facile \u00e0 utiliser, \u00e9vitant les erreurs de mesure dues \u00e0 un joint non \u00e9tanche.\n\t<\/li>\n<li>\n\t\tPas besoin de s&rsquo;inqui\u00e9ter des fuites de gaz caus\u00e9es par le levier du tube qui se connecte \u00e0 la t\u00eate de per\u00e7age.\n\t<\/li>\n<li>\n\t\tAffichage num\u00e9rique et enregistrement des donn\u00e9es de mesure.\n\t<\/li>\n<li>\n\t\tLa pression programm\u00e9e, les limites de d\u00e9tection peuvent \u00eatre ajust\u00e9es &#8211; le temps pour atteindre la pression maximale peut \u00eatre ajust\u00e9.\n\t<\/li>\n<li>\n\t\tAvant d&rsquo;atteindre la pression maximale (SP-2), le temps de maintien de la pression \u00e0 la pression de pr\u00e9r\u00e9glage (SP-2) peut \u00eatre r\u00e9gl\u00e9.\n\t<\/li>\n<li>\n\t\tDeux vannes de r\u00e9glage sont utilis\u00e9es pour ajuster la vitesse de mont\u00e9e en pression.\n\t<\/li>\n<li>\n\t\tAdopte diverses mesures de s\u00e9curit\u00e9.\n\t<\/li>\n<li>\n\t\t\u00c9quip\u00e9 d&rsquo;une vanne de contr\u00f4le de marque r\u00e9put\u00e9e, d&rsquo;un connecteur de joint, d&rsquo;un tuyau, etc. La qualit\u00e9 de l&rsquo;appareil est telle qu&rsquo;il peut \u00eatre compar\u00e9 \u00e0 n&rsquo;importe quel produit similaire dans le monde entier.\n\t<\/li>\n<li>\n\t\tHaute sensibilit\u00e9 et lecture pr\u00e9cise.\n\t<\/li>\n<li>\n\t\tFabriqu\u00e9 en oxyde d&rsquo;aluminium, en acier inoxydable et en plastique, robuste et durable.\n\t<\/li>\n<\/ol>\n<\/div>\n","protected":false},"excerpt":{"rendered":"<h3>Testeur automatique de scell\u00e9s s\u00e9curis\u00e9s<\/h3>\n","protected":false},"featured_media":217,"comment_status":"closed","ping_status":"closed","template":"","meta":[],"product_brand":[],"product_cat":[26,66,21],"product_tag":[],"class_list":{"0":"post-187","1":"product","2":"type-product","3":"status-publish","4":"has-post-thumbnail","6":"product_cat-bouteilles-en-verre-bouteilles-de-biere-vin-whisky","7":"product_cat-carre-deviation-de-laxe-vertical","8":"product_cat-laboratoire","10":"first","11":"instock","12":"shipping-taxable","13":"product-type-simple"},"aioseo_notices":[],"_links":{"self":[{"href":"https:\/\/www.canneed.com\/fr\/wp-json\/wp\/v2\/product\/187","targetHints":{"allow":["GET"]}}],"collection":[{"href":"https:\/\/www.canneed.com\/fr\/wp-json\/wp\/v2\/product"}],"about":[{"href":"https:\/\/www.canneed.com\/fr\/wp-json\/wp\/v2\/types\/product"}],"replies":[{"embeddable":true,"href":"https:\/\/www.canneed.com\/fr\/wp-json\/wp\/v2\/comments?post=187"}],"wp:featuredmedia":[{"embeddable":true,"href":"https:\/\/www.canneed.com\/fr\/wp-json\/wp\/v2\/media\/217"}],"wp:attachment":[{"href":"https:\/\/www.canneed.com\/fr\/wp-json\/wp\/v2\/media?parent=187"}],"wp:term":[{"taxonomy":"product_brand","embeddable":true,"href":"https:\/\/www.canneed.com\/fr\/wp-json\/wp\/v2\/product_brand?post=187"},{"taxonomy":"product_cat","embeddable":true,"href":"https:\/\/www.canneed.com\/fr\/wp-json\/wp\/v2\/product_cat?post=187"},{"taxonomy":"product_tag","embeddable":true,"href":"https:\/\/www.canneed.com\/fr\/wp-json\/wp\/v2\/product_tag?post=187"}],"curies":[{"name":"wp","href":"https:\/\/api.w.org\/{rel}","templated":true}]}}