{"id":185,"date":"2025-05-13T15:57:44","date_gmt":"2025-05-13T07:57:44","guid":{"rendered":"http:\/\/www.canneed.com\/fr\/?post_type=product&#038;p=185"},"modified":"2025-05-13T15:57:52","modified_gmt":"2025-05-13T07:57:52","slug":"canneed-sst-300","status":"publish","type":"product","link":"https:\/\/www.canneed.com\/fr\/product\/canneed-sst-300\/","title":{"rendered":"CanNeed-SST-300"},"content":{"rendered":"","protected":false},"excerpt":{"rendered":"<h3>Testeur d\u2019\u00e9tanch\u00e9it\u00e9 du scellement CanNeed-SST-300 (3 t\u00eates)<\/h3>\n","protected":false},"featured_media":215,"comment_status":"closed","ping_status":"closed","template":"","meta":[],"product_brand":[],"product_cat":[33,21,57],"product_tag":[],"class_list":{"0":"post-185","1":"product","2":"type-product","3":"status-publish","4":"has-post-thumbnail","6":"product_cat-bouteilles-pet-boissons-bouteilles-pet-embryons-de-bouteilles-bouchons-en-plastique","7":"product_cat-laboratoire","8":"product_cat-pression-resistance-a-la-pression","10":"first","11":"instock","12":"shipping-taxable","13":"product-type-simple"},"aioseo_notices":[],"_links":{"self":[{"href":"https:\/\/www.canneed.com\/fr\/wp-json\/wp\/v2\/product\/185","targetHints":{"allow":["GET"]}}],"collection":[{"href":"https:\/\/www.canneed.com\/fr\/wp-json\/wp\/v2\/product"}],"about":[{"href":"https:\/\/www.canneed.com\/fr\/wp-json\/wp\/v2\/types\/product"}],"replies":[{"embeddable":true,"href":"https:\/\/www.canneed.com\/fr\/wp-json\/wp\/v2\/comments?post=185"}],"wp:featuredmedia":[{"embeddable":true,"href":"https:\/\/www.canneed.com\/fr\/wp-json\/wp\/v2\/media\/215"}],"wp:attachment":[{"href":"https:\/\/www.canneed.com\/fr\/wp-json\/wp\/v2\/media?parent=185"}],"wp:term":[{"taxonomy":"product_brand","embeddable":true,"href":"https:\/\/www.canneed.com\/fr\/wp-json\/wp\/v2\/product_brand?post=185"},{"taxonomy":"product_cat","embeddable":true,"href":"https:\/\/www.canneed.com\/fr\/wp-json\/wp\/v2\/product_cat?post=185"},{"taxonomy":"product_tag","embeddable":true,"href":"https:\/\/www.canneed.com\/fr\/wp-json\/wp\/v2\/product_tag?post=185"}],"curies":[{"name":"wp","href":"https:\/\/api.w.org\/{rel}","templated":true}]}}