{"id":184,"date":"2025-05-13T15:57:44","date_gmt":"2025-05-13T07:57:44","guid":{"rendered":"http:\/\/www.canneed.com\/fr\/?post_type=product&#038;p=184"},"modified":"2025-05-13T15:57:52","modified_gmt":"2025-05-13T07:57:52","slug":"canneed-tlt-200","status":"publish","type":"product","link":"https:\/\/www.canneed.com\/fr\/product\/canneed-tlt-200\/","title":{"rendered":"CanNeed-TLT-200"},"content":{"rendered":"<p>&nbsp;<\/p>\n<h3>Application<\/h3>\n<div class='prodocut_content'>Le testeur de r\u00e9sistance \u00e0 la compression sup\u00e9rieure des bouteilles en plastique CanNeed-TLT-200 peut tester la r\u00e9sistance \u00e0 la compression sup\u00e9rieure, la d\u00e9formation de la compression sup\u00e9rieure, la r\u00e9sistance \u00e0 la compression plate et lat\u00e9rale des bouteilles en plastique. Les r\u00e9sultats du test peuvent \u00eatre utilis\u00e9s comme base importante pour le contr\u00f4le et l&rsquo;am\u00e9lioration de la qualit\u00e9 des produits. Le testeur est facile \u00e0 utiliser et \u00e0 entretenir.<\/div>\n<p>&nbsp;<\/p>\n<h3>Param\u00e8tres techniques<\/h3>\n<div class='prodocut_content'>1) Capacit\u00e9 de test : 1000N ;<br \/>\n2) Pr\u00e9cision de la mesure de la force : meilleure que \u00b11,0 % ;<br \/>\n3) Changement d&rsquo;unit\u00e9 de force : N ;<br \/>\n4) Changement de l&rsquo;unit\u00e9 de d\u00e9formation : mm ;<br \/>\n5) Mode d&rsquo;arr\u00eat : r\u00e9glage de la force et de la d\u00e9formation du programme, d\u00e9tection de l&rsquo;endommagement de l&rsquo;\u00e9chantillon, r\u00e9glage des limites de s\u00e9curit\u00e9 sup\u00e9rieure et inf\u00e9rieure ;<br \/>\n6) Point de prise : fonction de point de prise pr\u00e9r\u00e9gl\u00e9 ;<br \/>\n7) Composants de l&rsquo;instrument : vis \u00e0 billes de pr\u00e9cision, capteurs de haute pr\u00e9cision import\u00e9s ;<br \/>\n8) Dimensions de la machine : 250 \u00d7 400 \u00d7 800 mm (L \u00d7 P \u00d7 H) ;<br \/>\n9) Poids de la machine : environ 25 kg.<\/div>\n","protected":false},"excerpt":{"rendered":"<h3>Testeur de r\u00e9sistance \u00e0 la compression des bouchons de bouteilles en plastique<\/h3>\n","protected":false},"featured_media":214,"comment_status":"closed","ping_status":"closed","template":"","meta":[],"product_brand":[],"product_cat":[33,65,21],"product_tag":[],"class_list":{"0":"post-184","1":"product","2":"type-product","3":"status-publish","4":"has-post-thumbnail","6":"product_cat-bouteilles-pet-boissons-bouteilles-pet-embryons-de-bouteilles-bouchons-en-plastique","7":"product_cat-etancheite-fuite","8":"product_cat-laboratoire","10":"first","11":"instock","12":"shipping-taxable","13":"product-type-simple"},"aioseo_notices":[],"_links":{"self":[{"href":"https:\/\/www.canneed.com\/fr\/wp-json\/wp\/v2\/product\/184","targetHints":{"allow":["GET"]}}],"collection":[{"href":"https:\/\/www.canneed.com\/fr\/wp-json\/wp\/v2\/product"}],"about":[{"href":"https:\/\/www.canneed.com\/fr\/wp-json\/wp\/v2\/types\/product"}],"replies":[{"embeddable":true,"href":"https:\/\/www.canneed.com\/fr\/wp-json\/wp\/v2\/comments?post=184"}],"wp:featuredmedia":[{"embeddable":true,"href":"https:\/\/www.canneed.com\/fr\/wp-json\/wp\/v2\/media\/214"}],"wp:attachment":[{"href":"https:\/\/www.canneed.com\/fr\/wp-json\/wp\/v2\/media?parent=184"}],"wp:term":[{"taxonomy":"product_brand","embeddable":true,"href":"https:\/\/www.canneed.com\/fr\/wp-json\/wp\/v2\/product_brand?post=184"},{"taxonomy":"product_cat","embeddable":true,"href":"https:\/\/www.canneed.com\/fr\/wp-json\/wp\/v2\/product_cat?post=184"},{"taxonomy":"product_tag","embeddable":true,"href":"https:\/\/www.canneed.com\/fr\/wp-json\/wp\/v2\/product_tag?post=184"}],"curies":[{"name":"wp","href":"https:\/\/api.w.org\/{rel}","templated":true}]}}