{"id":180,"date":"2025-05-13T15:57:44","date_gmt":"2025-05-13T07:57:44","guid":{"rendered":"http:\/\/www.canneed.com\/fr\/?post_type=product&#038;p=180"},"modified":"2025-05-13T15:57:51","modified_gmt":"2025-05-13T07:57:51","slug":"canneed-csg-200s","status":"publish","type":"product","link":"https:\/\/www.canneed.com\/fr\/product\/canneed-csg-200s\/","title":{"rendered":"CanNeed-CSG-200S"},"content":{"rendered":"<p>&nbsp;<\/p>\n<h3>Application<\/h3>\n<div class='prodocut_content'>\n<p>\n\t<span style=\"line-height:1.5;\">La jauge CSG-200S est destin\u00e9e \u00e0 mesurer la profondeur d\u2019encastrement, elle \u00e9quipe d\u2019un comparateur \u00e0 cadran de la marque Mitutoyo du Japon, d\u2019une plate-forme de calibration mise \u00e0 z\u00e9ro et d\u2019un disque de protection.Avec le bouton de transmission des donn\u00e9es , le toucher est confortable lors de la manipulation.<\/span>\n<\/p>\n<p>\n\t<span style=\"line-height:1.5;\"><br \/>\nD\u2019ailleurs, il faut acheter les adaptateurs ainsi que les c\u00e2bles de donn\u00e9es, il permet d\u2019introduire les donn\u00e9es d\u2019essais dans un ordinateur ou un syst\u00e8me de collection de donn\u00e9es SPC, emp\u00eache par cons\u00e9quent la saisie manuelle. Elle peut \u00eatre utilis\u00e9e en coordination avec le projecteur du roulage, qui permet d&rsquo;introduire les donn\u00e9es dans l\u2019ordinateur.<\/span>\n<\/p>\n<\/div>\n<p>&nbsp;<\/p>\n<h3>Param\u00e8tres techniques<\/h3>\n<div class='prodocut_content'>\n<p>\n\t<span style=\"background-color:#FFFFFF;\">Param\u00e8tres techniques\uff1a<\/span>\n<\/p>\n<p>\n\t<span style=\"background-color:#FFFFFF;\"><span>Sp\u00e9cimens adaptables: 113~307 couvercles<\/span><br \/>\n<span>Gamme de mesure: 0-10mm (il existe des autres gammes en option)<\/span><br \/>\n<span>\u00c9talonnage: 0.01mm<\/span><br \/>\n<\/span>\n<\/p>\n<\/div>\n","protected":false},"excerpt":{"rendered":"<h3>La jauge de la profondeur d\u2019encastrement \uff08avec le bouton de sortie des donn\u00e9es \uff09<\/h3>\n","protected":false},"featured_media":210,"comment_status":"closed","ping_status":"closed","template":"","meta":[],"product_brand":[],"product_cat":[22,30,21],"product_tag":[],"class_list":{"0":"post-180","1":"product","2":"type-product","3":"status-publish","4":"has-post-thumbnail","6":"product_cat-canette-aerosol-en-trois-parties-revetement","7":"product_cat-dimensions","8":"product_cat-laboratoire","10":"first","11":"instock","12":"shipping-taxable","13":"product-type-simple"},"aioseo_notices":[],"_links":{"self":[{"href":"https:\/\/www.canneed.com\/fr\/wp-json\/wp\/v2\/product\/180","targetHints":{"allow":["GET"]}}],"collection":[{"href":"https:\/\/www.canneed.com\/fr\/wp-json\/wp\/v2\/product"}],"about":[{"href":"https:\/\/www.canneed.com\/fr\/wp-json\/wp\/v2\/types\/product"}],"replies":[{"embeddable":true,"href":"https:\/\/www.canneed.com\/fr\/wp-json\/wp\/v2\/comments?post=180"}],"wp:featuredmedia":[{"embeddable":true,"href":"https:\/\/www.canneed.com\/fr\/wp-json\/wp\/v2\/media\/210"}],"wp:attachment":[{"href":"https:\/\/www.canneed.com\/fr\/wp-json\/wp\/v2\/media?parent=180"}],"wp:term":[{"taxonomy":"product_brand","embeddable":true,"href":"https:\/\/www.canneed.com\/fr\/wp-json\/wp\/v2\/product_brand?post=180"},{"taxonomy":"product_cat","embeddable":true,"href":"https:\/\/www.canneed.com\/fr\/wp-json\/wp\/v2\/product_cat?post=180"},{"taxonomy":"product_tag","embeddable":true,"href":"https:\/\/www.canneed.com\/fr\/wp-json\/wp\/v2\/product_tag?post=180"}],"curies":[{"name":"wp","href":"https:\/\/api.w.org\/{rel}","templated":true}]}}