{"id":179,"date":"2025-05-13T15:57:44","date_gmt":"2025-05-13T07:57:44","guid":{"rendered":"http:\/\/www.canneed.com\/fr\/?post_type=product&#038;p=179"},"modified":"2025-05-13T15:57:50","modified_gmt":"2025-05-13T07:57:50","slug":"canneed-csg-100","status":"publish","type":"product","link":"https:\/\/www.canneed.com\/fr\/product\/canneed-csg-100\/","title":{"rendered":"CanNeed-CSG-100"},"content":{"rendered":"<p>&nbsp;<\/p>\n<h3>Application<\/h3>\n<div class='prodocut_content'>Le testeur automatique de scellage s\u00e9curis\u00e9 CanNeed-ASST-Line-1000 est utilis\u00e9 pour tester l&rsquo;int\u00e9grit\u00e9 du scellage des produits finis sans surveillance. Il contr\u00f4le efficacement les propri\u00e9t\u00e9s de scellage et pr\u00e9vient les fuites de gaz apr\u00e8s l&#8217;emballage. Il est donc largement utilis\u00e9 dans l&rsquo;industrie des boissons et r\u00e9pond aux normes d&rsquo;inspection internationales\u300aGBT 17876-2010 Packaging Container &#8211; Plastic Anti-Theft Bottles\u300b.<\/div>\n<p>&nbsp;<\/p>\n<h3>Les avantages<\/h3>\n<div class='prodocut_content'>1) Pressurisation et dur\u00e9e programmables \u00e0 plusieurs niveaux, jusqu&rsquo;\u00e0 8 niveaux de contr\u00f4le du programme peuvent \u00eatre d\u00e9finis.<br \/>\n2) Affichage num\u00e9rique et enregistrement des valeurs, sortie de donn\u00e9es RS232. Les donn\u00e9es peuvent \u00eatre automatiquement envoy\u00e9es au syst\u00e8me SPC.<br \/>\n3) Deux vannes de r\u00e9gulation de vitesse, r\u00e9glant respectivement le taux de pressurisation.<br \/>\n4) Plusieurs mesures de protection de la s\u00e9curit\u00e9.<br \/>\n5) Haute sensibilit\u00e9 et haute pr\u00e9cision.<br \/>\n6) Utilisation de dioxyde de carbone dans les cylindres pour le gonflage et la pressurisation.<br \/>\n7) Ch\u00e2ssis en acier inoxydable 304, conception de s\u00e9curit\u00e9 inter-verrouillage.<br \/>\n8) \u00c9chantillonnage-test-rejet enti\u00e8rement automatique, haute efficacit\u00e9.<br \/>\n9) Mode d&rsquo;essai de passabilit\u00e9, qui peut \u00eatre r\u00e9alis\u00e9 sans surveillance et de mani\u00e8re enti\u00e8rement automatique.<\/div>\n","protected":false},"excerpt":{"rendered":"<h3>Testeur automatique de scell\u00e9s s\u00e9curis\u00e9s<\/h3>\n","protected":false},"featured_media":209,"comment_status":"closed","ping_status":"closed","template":"","meta":[],"product_brand":[],"product_cat":[17,22,31,32,30,21,19],"product_tag":[],"class_list":{"0":"post-179","1":"product","2":"type-product","3":"status-publish","4":"has-post-thumbnail","6":"product_cat-biere-en-conserve-boisson-en-conserve-en-conserve","7":"product_cat-canette-aerosol-en-trois-parties-revetement","8":"product_cat-capuchon-metallique-capuchon-couronne-capuchon-a-languette-capuchon-a-vis-capuchon-a-ouverture-a-griffe","9":"product_cat-cosmetiques-medicaments-aliments-en-sac","10":"product_cat-dimensions","11":"product_cat-laboratoire","12":"product_cat-ourlet-double","14":"first","15":"instock","16":"shipping-taxable","17":"product-type-simple"},"aioseo_notices":[],"_links":{"self":[{"href":"https:\/\/www.canneed.com\/fr\/wp-json\/wp\/v2\/product\/179","targetHints":{"allow":["GET"]}}],"collection":[{"href":"https:\/\/www.canneed.com\/fr\/wp-json\/wp\/v2\/product"}],"about":[{"href":"https:\/\/www.canneed.com\/fr\/wp-json\/wp\/v2\/types\/product"}],"replies":[{"embeddable":true,"href":"https:\/\/www.canneed.com\/fr\/wp-json\/wp\/v2\/comments?post=179"}],"wp:featuredmedia":[{"embeddable":true,"href":"https:\/\/www.canneed.com\/fr\/wp-json\/wp\/v2\/media\/209"}],"wp:attachment":[{"href":"https:\/\/www.canneed.com\/fr\/wp-json\/wp\/v2\/media?parent=179"}],"wp:term":[{"taxonomy":"product_brand","embeddable":true,"href":"https:\/\/www.canneed.com\/fr\/wp-json\/wp\/v2\/product_brand?post=179"},{"taxonomy":"product_cat","embeddable":true,"href":"https:\/\/www.canneed.com\/fr\/wp-json\/wp\/v2\/product_cat?post=179"},{"taxonomy":"product_tag","embeddable":true,"href":"https:\/\/www.canneed.com\/fr\/wp-json\/wp\/v2\/product_tag?post=179"}],"curies":[{"name":"wp","href":"https:\/\/api.w.org\/{rel}","templated":true}]}}