{"id":178,"date":"2025-05-13T15:57:44","date_gmt":"2025-05-13T07:57:44","guid":{"rendered":"http:\/\/www.canneed.com\/fr\/?post_type=product&#038;p=178"},"modified":"2025-05-13T15:57:50","modified_gmt":"2025-05-13T07:57:50","slug":"canneed-chg-200","status":"publish","type":"product","link":"https:\/\/www.canneed.com\/fr\/product\/canneed-chg-200\/","title":{"rendered":"CanNeed-CHG-200"},"content":{"rendered":"<p>&nbsp;<\/p>\n<h3>Application<\/h3>\n<div class='prodocut_content'>\n<p>\n\t<span>&nbsp;La jauge de hauteur du contenant CHG-200 (calibre) peut mesurer l\u2019hauteur promptement et pr\u00e9cis\u00e9ment.Il peut mesurer 2 contenants, 3 contenants ou l\u2019a\u00e9rosol .<\/span>\n<\/p>\n<p>\n\t<span><span>Il faut acheter en outre l&rsquo;adaptateur et les c\u00e2bles de donn\u00e9es qui permettent aux donn\u00e9es d\u2019essai de s\u2019 introduire dans un ordinateur ou un syst\u00e8me de collection de donn\u00e9es SPC.<\/span><br \/>\n<\/span>\n<\/p>\n<\/div>\n","protected":false},"excerpt":{"rendered":"<h3>Jauge de hauteur du contenant CanNeed-CHG-200 (Calibre)<\/h3>\n","protected":false},"featured_media":208,"comment_status":"closed","ping_status":"closed","template":"","meta":[],"product_brand":[],"product_cat":[17,22,31,30,21],"product_tag":[],"class_list":{"0":"post-178","1":"product","2":"type-product","3":"status-publish","4":"has-post-thumbnail","6":"product_cat-biere-en-conserve-boisson-en-conserve-en-conserve","7":"product_cat-canette-aerosol-en-trois-parties-revetement","8":"product_cat-capuchon-metallique-capuchon-couronne-capuchon-a-languette-capuchon-a-vis-capuchon-a-ouverture-a-griffe","9":"product_cat-dimensions","10":"product_cat-laboratoire","12":"first","13":"instock","14":"shipping-taxable","15":"product-type-simple"},"aioseo_notices":[],"_links":{"self":[{"href":"https:\/\/www.canneed.com\/fr\/wp-json\/wp\/v2\/product\/178","targetHints":{"allow":["GET"]}}],"collection":[{"href":"https:\/\/www.canneed.com\/fr\/wp-json\/wp\/v2\/product"}],"about":[{"href":"https:\/\/www.canneed.com\/fr\/wp-json\/wp\/v2\/types\/product"}],"replies":[{"embeddable":true,"href":"https:\/\/www.canneed.com\/fr\/wp-json\/wp\/v2\/comments?post=178"}],"wp:featuredmedia":[{"embeddable":true,"href":"https:\/\/www.canneed.com\/fr\/wp-json\/wp\/v2\/media\/208"}],"wp:attachment":[{"href":"https:\/\/www.canneed.com\/fr\/wp-json\/wp\/v2\/media?parent=178"}],"wp:term":[{"taxonomy":"product_brand","embeddable":true,"href":"https:\/\/www.canneed.com\/fr\/wp-json\/wp\/v2\/product_brand?post=178"},{"taxonomy":"product_cat","embeddable":true,"href":"https:\/\/www.canneed.com\/fr\/wp-json\/wp\/v2\/product_cat?post=178"},{"taxonomy":"product_tag","embeddable":true,"href":"https:\/\/www.canneed.com\/fr\/wp-json\/wp\/v2\/product_tag?post=178"}],"curies":[{"name":"wp","href":"https:\/\/api.w.org\/{rel}","templated":true}]}}