{"id":175,"date":"2025-05-13T15:57:44","date_gmt":"2025-05-13T07:57:44","guid":{"rendered":"http:\/\/www.canneed.com\/fr\/?post_type=product&#038;p=175"},"modified":"2025-05-13T15:57:49","modified_gmt":"2025-05-13T07:57:49","slug":"canneed-ctg-310","status":"publish","type":"product","link":"https:\/\/www.canneed.com\/fr\/product\/canneed-ctg-310\/","title":{"rendered":"CanNeed-CTG-310"},"content":{"rendered":"<p>&nbsp;<\/p>\n<h3>Application<\/h3>\n<div class='prodocut_content'><span>La jauge CTG-310 peut \u00eatre appliqu\u00e9e \u00e0 mesurer l\u2019\u00e9paisseur d\u2019enrobage pour les contenant et t\u00f4les m\u00e9talliques ( le poids d\u2019enrobage sur une surface unitaire, l\u2019unit\u00e9 est g\/m2).Elle \u00e9quipe d\u2019un outillage de serrage des plaques pour mesurer l\u2019\u00e9paisseur d\u2019enrobage des plaques aplaties, en outre, l\u2019outillage de serrage du corps peut mesurer l\u2019\u00e9paisseur d\u2019enrobage du corps.<\/span><\/div>\n<p>&nbsp;<\/p>\n<h3>Les avantages<\/h3>\n<div class='prodocut_content'><span style=\"line-height:1.5;\">1.\u00c9conomiser de peinture pour la production: Car la pr\u00e9cision de la jauge d\u2019\u00e9paisseur CTG-310 atteint0.01 g\/m2\uff0celle peut commander la pr\u00e9cision afin d\u2019\u00e9conomiser de peinture.<br \/>\n2.Qualit\u00e9 d\u2019enrobage sup\u00e9rieur: La jauge CTG-310 fourni les r\u00e9sultats de mesure plus pr\u00e9cis, il implique que les \u00e9quipements de peinture peuvent \u00eatre r\u00e9gl\u00e9s \u00e0 l\u2019\u00e9tat optimum, r\u00e9alisant une qualit\u00e9 de peinture excellente, renforcer votre fid\u00e9lit\u00e9 \u00e0 nos produits.<br \/>\n3.Plus efficace: La jauge d\u2019\u00e9paisseur d\u2019enrobage CTG-310 adopte d&rsquo;une conception au micro processeur, affichage num\u00e9rique, mesure pr\u00e9cise et prompte, \u00e9vitant compl\u00e8tement les d\u00e9fectuosit\u00e9s de la pes\u00e9e et d\u2019\u00e9caillage d\u2019enrobage artificielle,&nbsp; les \u00e9quipements de peinture peuvent \u00eatre r\u00e9gl\u00e9s \u00e0 l\u2019\u00e9tat optimum rapidement, \u00e9lever la productivit\u00e9.<br \/>\n<\/span><span style=\"line-height:1.5;\">4.Abaisser le taux de produits d\u00e9fectueux et la perte: La jauge d\u2019\u00e9paisseur d\u2019enrobage CTG-310 effectue la mesure pr\u00e9cis\u00e9ment et promptement, elle peut fonctionner \u00e0 proximit\u00e9 de la cha\u00eene de production mais pas augmenter les d\u00e9penses suppl\u00e9mentaires, sans gaspillage des sp\u00e9cimens, les ph\u00e9nom\u00e8nes inconv\u00e9nients des produits peuvent \u00eatre constat\u00e9s en temps voulu, r\u00e9duisant les produits d\u00e9fectueux.<\/span><\/div>\n<p>&nbsp;<\/p>\n<h3>Param\u00e8tres techniques<\/h3>\n<div class='prodocut_content'>\n<p>\n\t<span style=\"background-color:#FFFFFF;\">Param\u00e8tres techniques:<\/span>\n<\/p>\n<p>\n\t\n<\/p>\n<ul>\n<li>\n\t\t<span style=\"background-color:#FFFFFF;\"><span>\u00c9chelle de mesure:0-99.99 g\/m2<\/span><\/span>\n\t<\/li>\n<li>\n\t\t<span style=\"background-color:#FFFFFF;\"><span>\u00c9talonnage:&nbsp;0.01 g\/m2<\/span><\/span>\n\t<\/li>\n<li>\n\t\t<span style=\"background-color:#FFFFFF;\"><span>C\u00e2ble de donn\u00e9es: RS232C<\/span><\/span>\n\t<\/li>\n<li>\n\t\t<span style=\"background-color:#FFFFFF;\"><span>Unit\u00e9:g\/m2<\/span><\/span>\n\t<\/li>\n<li>\n\t\t<span style=\"background-color:#FFFFFF;\"><span>Source d\u2019alimentation: 220V\/50Hz<\/span><\/span>\n\t<\/li>\n<li>\n\t\t<span style=\"background-color:#FFFFFF;\"><span>\u00c9chelle de mesure:0-99.99 g\/m2<\/span><\/span>\n\t<\/li>\n<li>\n\t\t<span style=\"background-color:#FFFFFF;\"><span>\u00c9talonnage:&nbsp;0.01 g\/m2<\/span><\/span>\n\t<\/li>\n<li>\n\t\t<span style=\"background-color:#FFFFFF;\"><span>C\u00e2ble de donn\u00e9es: RS232C<\/span><\/span>\n\t<\/li>\n<li>\n\t\t<span style=\"background-color:#FFFFFF;\"><span>Unit\u00e9:g\/m2<\/span><\/span>\n\t<\/li>\n<li>\n\t\t<span style=\"background-color:#FFFFFF;\"><span>Source d\u2019alimentation: 220V\/50Hz<\/span><\/span>\n\t<\/li>\n<\/ul>\n<p>\n\t\n<\/p>\n<\/div>\n","protected":false},"excerpt":{"rendered":"<h3>Jauge d\u2019\u00e9paisseur d\u2019enrobage<\/h3>\n","protected":false},"featured_media":205,"comment_status":"closed","ping_status":"closed","template":"","meta":[],"product_brand":[],"product_cat":[26,55,21],"product_tag":[],"class_list":{"0":"post-175","1":"product","2":"type-product","3":"status-publish","4":"has-post-thumbnail","6":"product_cat-bouteilles-en-verre-bouteilles-de-biere-vin-whisky","7":"product_cat-epaisseur","8":"product_cat-laboratoire","10":"first","11":"instock","12":"shipping-taxable","13":"product-type-simple"},"aioseo_notices":[],"_links":{"self":[{"href":"https:\/\/www.canneed.com\/fr\/wp-json\/wp\/v2\/product\/175","targetHints":{"allow":["GET"]}}],"collection":[{"href":"https:\/\/www.canneed.com\/fr\/wp-json\/wp\/v2\/product"}],"about":[{"href":"https:\/\/www.canneed.com\/fr\/wp-json\/wp\/v2\/types\/product"}],"replies":[{"embeddable":true,"href":"https:\/\/www.canneed.com\/fr\/wp-json\/wp\/v2\/comments?post=175"}],"wp:featuredmedia":[{"embeddable":true,"href":"https:\/\/www.canneed.com\/fr\/wp-json\/wp\/v2\/media\/205"}],"wp:attachment":[{"href":"https:\/\/www.canneed.com\/fr\/wp-json\/wp\/v2\/media?parent=175"}],"wp:term":[{"taxonomy":"product_brand","embeddable":true,"href":"https:\/\/www.canneed.com\/fr\/wp-json\/wp\/v2\/product_brand?post=175"},{"taxonomy":"product_cat","embeddable":true,"href":"https:\/\/www.canneed.com\/fr\/wp-json\/wp\/v2\/product_cat?post=175"},{"taxonomy":"product_tag","embeddable":true,"href":"https:\/\/www.canneed.com\/fr\/wp-json\/wp\/v2\/product_tag?post=175"}],"curies":[{"name":"wp","href":"https:\/\/api.w.org\/{rel}","templated":true}]}}