{"id":174,"date":"2025-05-13T15:57:43","date_gmt":"2025-05-13T07:57:43","guid":{"rendered":"http:\/\/www.canneed.com\/fr\/?post_type=product&#038;p=174"},"modified":"2025-05-13T15:57:49","modified_gmt":"2025-05-13T07:57:49","slug":"canneed-csrt-100","status":"publish","type":"product","link":"https:\/\/www.canneed.com\/fr\/product\/canneed-csrt-100\/","title":{"rendered":"CanNeed-CSRT-100"},"content":{"rendered":"<p>&nbsp;<\/p>\n<h3>Application<\/h3>\n<div class='prodocut_content'>Dans des conditions d\u00e9finies, le testeur de r\u00e9sistance \u00e0 la rayure des rev\u00eatements CanNeed-CSRT-100 est utilis\u00e9 pour d\u00e9terminer la r\u00e9sistance d&rsquo;un rev\u00eatement unique ou d&rsquo;un rev\u00eatement multiple de peinture, de vernis ou de produit connexe \u00e0 la p\u00e9n\u00e9tration par rayage \u00e0 l&rsquo;aide d&rsquo;une aiguille \u00e0 pointe h\u00e9misph\u00e9rique ou d&rsquo;un outil d&rsquo;abrasion et d&rsquo;un outil de rayage m\u00e9tallique, etc.<\/p>\n<p>Serrez l&rsquo;\u00e9chantillon, r\u00e9glez la pression d&rsquo;essai et d\u00e9placez l&rsquo;\u00e9chantillon par rapport \u00e0 l&rsquo;aiguille \u00e0 pointe h\u00e9misph\u00e9rique. Si l&rsquo;\u00e9chantillon est ray\u00e9, l&rsquo;appareil affiche des donn\u00e9es.<\/div>\n<p>&nbsp;<\/p>\n<h3>Les avantages<\/h3>\n<div class='prodocut_content'>1. Facilit\u00e9 d&rsquo;utilisation. Aucune comp\u00e9tence particuli\u00e8re n&rsquo;est requise.<br \/>\n2. Joue un r\u00f4le important dans la production. Il peut tester toutes les modifications apport\u00e9es \u00e0 la production artisanale, telles que les mat\u00e9riaux et l&rsquo;\u00e9paisseur du rev\u00eatement de protection et les effets de solidification et de vieillissement de la couche ext\u00e9rieure.<br \/>\n3.&nbsp; Garantit la qualit\u00e9 des couches de surface unifi\u00e9es au sein d&rsquo;un m\u00eame lot et entre les lots.<br \/>\nCanNeed-CSRT-100 convient pour tester les \u00e9chantillons de plaques<\/div>\n","protected":false},"excerpt":{"rendered":"<h3>Testeur de r\u00e9sistance \u00e0 l\u2019\u00e9raillage d\u2019enrobage<\/h3>\n","protected":false},"featured_media":204,"comment_status":"closed","ping_status":"closed","template":"","meta":[],"product_brand":[],"product_cat":[22,23,31,29,21],"product_tag":[],"class_list":{"0":"post-174","1":"product","2":"type-product","3":"status-publish","4":"has-post-thumbnail","6":"product_cat-canette-aerosol-en-trois-parties-revetement","7":"product_cat-canette-bouteille-en-aluminium-en-deux-parties","8":"product_cat-capuchon-metallique-capuchon-couronne-capuchon-a-languette-capuchon-a-vis-capuchon-a-ouverture-a-griffe","9":"product_cat-film-de-peinture-peinture-revetement","10":"product_cat-laboratoire","12":"first","13":"instock","14":"shipping-taxable","15":"product-type-simple"},"aioseo_notices":[],"_links":{"self":[{"href":"https:\/\/www.canneed.com\/fr\/wp-json\/wp\/v2\/product\/174","targetHints":{"allow":["GET"]}}],"collection":[{"href":"https:\/\/www.canneed.com\/fr\/wp-json\/wp\/v2\/product"}],"about":[{"href":"https:\/\/www.canneed.com\/fr\/wp-json\/wp\/v2\/types\/product"}],"replies":[{"embeddable":true,"href":"https:\/\/www.canneed.com\/fr\/wp-json\/wp\/v2\/comments?post=174"}],"wp:featuredmedia":[{"embeddable":true,"href":"https:\/\/www.canneed.com\/fr\/wp-json\/wp\/v2\/media\/204"}],"wp:attachment":[{"href":"https:\/\/www.canneed.com\/fr\/wp-json\/wp\/v2\/media?parent=174"}],"wp:term":[{"taxonomy":"product_brand","embeddable":true,"href":"https:\/\/www.canneed.com\/fr\/wp-json\/wp\/v2\/product_brand?post=174"},{"taxonomy":"product_cat","embeddable":true,"href":"https:\/\/www.canneed.com\/fr\/wp-json\/wp\/v2\/product_cat?post=174"},{"taxonomy":"product_tag","embeddable":true,"href":"https:\/\/www.canneed.com\/fr\/wp-json\/wp\/v2\/product_tag?post=174"}],"curies":[{"name":"wp","href":"https:\/\/api.w.org\/{rel}","templated":true}]}}