{"id":173,"date":"2025-05-13T15:57:43","date_gmt":"2025-05-13T07:57:43","guid":{"rendered":"http:\/\/www.canneed.com\/fr\/?post_type=product&#038;p=173"},"modified":"2025-05-13T15:57:48","modified_gmt":"2025-05-13T07:57:48","slug":"canneed-fmd-200s","status":"publish","type":"product","link":"https:\/\/www.canneed.com\/fr\/product\/canneed-fmd-200s\/","title":{"rendered":"CanNeed-FMD-200S"},"content":{"rendered":"<p>&nbsp;<\/p>\n<h3>Application<\/h3>\n<div class='prodocut_content'>CanNeed-FMD-200S Can Measure Desk for Front Stations a \u00e9t\u00e9 d\u00e9velopp\u00e9 sur la base de la longue exp\u00e9rience des Front Stations dans le domaine des bo\u00eetes de conserve.<\/p>\n<p>la ligne de produits de bo\u00eetes de conserve 2 pi\u00e8ces. Il est utilis\u00e9 aux points d&rsquo;inspection de la ligne de production de bo\u00eetes de conserve 2 pi\u00e8ces.<\/p>\n<p>CanNeed-FMD-200S mesure l&rsquo;\u00e9paisseur de la paroi, la profondeur du fond et la hauteur de la bo\u00eete. Veuillez indiquer le type de bo\u00eete lors de la commande.&nbsp;<\/div>\n<p>&nbsp;<\/p>\n<h3>Les avantages<\/h3>\n<div class='prodocut_content'>\u25cf \u00c9quip\u00e9 d&rsquo;un indicateur num\u00e9rique Mitutoyo.&nbsp;<br \/>\n\u25cf Si l&rsquo;on ach\u00e8te l&rsquo;adaptateur et le c\u00e2ble, l&rsquo;\u00e9quipement peut \u00eatre connect\u00e9 \u00e0 un ordinateur ou \u00e0 un syst\u00e8me SPC pour la collecte de donn\u00e9es.<\/div>\n","protected":false},"excerpt":{"rendered":"<h3>Can Measure Desk pour les postes d&rsquo;accueil<\/h3>\n","protected":false},"featured_media":203,"comment_status":"closed","ping_status":"closed","template":"","meta":[],"product_brand":[],"product_cat":[17,22,23,32,67,29,21],"product_tag":[],"class_list":{"0":"post-173","1":"product","2":"type-product","3":"status-publish","4":"has-post-thumbnail","6":"product_cat-biere-en-conserve-boisson-en-conserve-en-conserve","7":"product_cat-canette-aerosol-en-trois-parties-revetement","8":"product_cat-canette-bouteille-en-aluminium-en-deux-parties","9":"product_cat-cosmetiques-medicaments-aliments-en-sac","10":"product_cat-couverture-en-verre-de-telephone-portable","11":"product_cat-film-de-peinture-peinture-revetement","12":"product_cat-laboratoire","14":"first","15":"instock","16":"shipping-taxable","17":"product-type-simple"},"aioseo_notices":[],"_links":{"self":[{"href":"https:\/\/www.canneed.com\/fr\/wp-json\/wp\/v2\/product\/173","targetHints":{"allow":["GET"]}}],"collection":[{"href":"https:\/\/www.canneed.com\/fr\/wp-json\/wp\/v2\/product"}],"about":[{"href":"https:\/\/www.canneed.com\/fr\/wp-json\/wp\/v2\/types\/product"}],"replies":[{"embeddable":true,"href":"https:\/\/www.canneed.com\/fr\/wp-json\/wp\/v2\/comments?post=173"}],"wp:featuredmedia":[{"embeddable":true,"href":"https:\/\/www.canneed.com\/fr\/wp-json\/wp\/v2\/media\/203"}],"wp:attachment":[{"href":"https:\/\/www.canneed.com\/fr\/wp-json\/wp\/v2\/media?parent=173"}],"wp:term":[{"taxonomy":"product_brand","embeddable":true,"href":"https:\/\/www.canneed.com\/fr\/wp-json\/wp\/v2\/product_brand?post=173"},{"taxonomy":"product_cat","embeddable":true,"href":"https:\/\/www.canneed.com\/fr\/wp-json\/wp\/v2\/product_cat?post=173"},{"taxonomy":"product_tag","embeddable":true,"href":"https:\/\/www.canneed.com\/fr\/wp-json\/wp\/v2\/product_tag?post=173"}],"curies":[{"name":"wp","href":"https:\/\/api.w.org\/{rel}","templated":true}]}}