{"id":172,"date":"2025-05-13T15:57:43","date_gmt":"2025-05-13T07:57:43","guid":{"rendered":"http:\/\/www.canneed.com\/fr\/?post_type=product&#038;p=172"},"modified":"2025-05-13T15:57:48","modified_gmt":"2025-05-13T07:57:48","slug":"canneed-cmd-200s","status":"publish","type":"product","link":"https:\/\/www.canneed.com\/fr\/product\/canneed-cmd-200s\/","title":{"rendered":"CanNeed-CMD-200S"},"content":{"rendered":"<p>&nbsp;<\/p>\n<h3>Application<\/h3>\n<div class='prodocut_content'><span>Le mesureur synth\u00e9tique de la partie post\u00e9rieure du contenant CMD-200S peut mesurer la largeur du rebord, l\u2019hauteur du contenant et le diam\u00e8tre int\u00e9rieur de l\u2019aperture.Sp\u00e9cifiez la mod\u00e8le de contenant lors d\u2019achat S.V.P.<\/span><\/div>\n<p>&nbsp;<\/p>\n<h3>Les avantages<\/h3>\n<div class='prodocut_content'>\n<ol>\n<li>\n\t\t<span>\u00c9quip\u00e9 d\u2019un \u2018processeur de donn\u00e9es, le mesureur poss\u00e8de une fonction de calculation automatique qui peut mesurer le diam\u00e8tre int\u00e9rieur de fait, redresser l\u2019erreur de mesure caus\u00e9e par l\u2019effet elliptique .<\/span>\n\t<\/li>\n<li>\n\t\t<span>Il \u00e9quipe d\u2019un comparateur \u00e0 cadran digital de la marque Mitutoyo de Japon.<\/span>\n\t<\/li>\n<li>\n\t\t<span>\u00c9quiper l&rsquo;adaptateur et les lignes de donn\u00e9es qui permettent aux donn\u00e9es d\u2019essai de s\u2019 introduire dans un ordinateur ou un syst\u00e8me de collection des donn\u00e9es SPC.<\/span>\n\t<\/li>\n<\/ol>\n<\/div>\n","protected":false},"excerpt":{"rendered":"<h3>Mesureur Synth\u00e9tique de la Partie Post\u00e9rieure du Contenant CanNeed-CMD-200S<\/h3>\n","protected":false},"featured_media":202,"comment_status":"closed","ping_status":"closed","template":"","meta":[],"product_brand":[],"product_cat":[23,30,21],"product_tag":[],"class_list":{"0":"post-172","1":"product","2":"type-product","3":"status-publish","4":"has-post-thumbnail","6":"product_cat-canette-bouteille-en-aluminium-en-deux-parties","7":"product_cat-dimensions","8":"product_cat-laboratoire","10":"first","11":"instock","12":"shipping-taxable","13":"product-type-simple"},"aioseo_notices":[],"_links":{"self":[{"href":"https:\/\/www.canneed.com\/fr\/wp-json\/wp\/v2\/product\/172","targetHints":{"allow":["GET"]}}],"collection":[{"href":"https:\/\/www.canneed.com\/fr\/wp-json\/wp\/v2\/product"}],"about":[{"href":"https:\/\/www.canneed.com\/fr\/wp-json\/wp\/v2\/types\/product"}],"replies":[{"embeddable":true,"href":"https:\/\/www.canneed.com\/fr\/wp-json\/wp\/v2\/comments?post=172"}],"wp:featuredmedia":[{"embeddable":true,"href":"https:\/\/www.canneed.com\/fr\/wp-json\/wp\/v2\/media\/202"}],"wp:attachment":[{"href":"https:\/\/www.canneed.com\/fr\/wp-json\/wp\/v2\/media?parent=172"}],"wp:term":[{"taxonomy":"product_brand","embeddable":true,"href":"https:\/\/www.canneed.com\/fr\/wp-json\/wp\/v2\/product_brand?post=172"},{"taxonomy":"product_cat","embeddable":true,"href":"https:\/\/www.canneed.com\/fr\/wp-json\/wp\/v2\/product_cat?post=172"},{"taxonomy":"product_tag","embeddable":true,"href":"https:\/\/www.canneed.com\/fr\/wp-json\/wp\/v2\/product_tag?post=172"}],"curies":[{"name":"wp","href":"https:\/\/api.w.org\/{rel}","templated":true}]}}