{"id":166,"date":"2025-05-13T15:57:43","date_gmt":"2025-05-13T07:57:43","guid":{"rendered":"http:\/\/www.canneed.com\/fr\/?post_type=product&#038;p=166"},"modified":"2025-05-13T15:57:47","modified_gmt":"2025-05-13T07:57:47","slug":"canneed-idg-100","status":"publish","type":"product","link":"https:\/\/www.canneed.com\/fr\/product\/canneed-idg-100\/","title":{"rendered":"CanNeed-IDG-100"},"content":{"rendered":"<p>&nbsp;<\/p>\n<h3>Application<\/h3>\n<div class='prodocut_content'>\n<p>\n\tLa jauge de diam\u00e8tre int\u00e9rieur de l\u2019aperture IDG-100 est destin\u00e9e \u00e0 mesurer le diam\u00e8tre int\u00e9rieur de l\u2019aperture pour les petits contenants\uff08l\u2019aperture des contenants 200, 202, 206 et 209\uff09<br \/>\nLa jauge de diam\u00e8tre int\u00e9rieur de l\u2019aperture IDG-200 est appliqu\u00e9e \u00e0 mesurer le diam\u00e8tre int\u00e9rieur de l\u2019aperture pour les gros contenants.La jauge peut \u00eatre personnalis\u00e9e selon le besoin du client, qui peut mesurer les contenants de 2-3 dimensions simultan\u00e9ment .La diff\u00e9rence de diam\u00e8tre de l\u2019aperture pour deux sortes de contenants doit \u00eatre sup\u00e9rieur \u00e0 10mm.\n<\/p>\n<p>\n\tIl \u00e9quipe d\u2019un comparateur \u00e0 cadran digital de la marque Mitutoyo de Japon.<br \/>\nIl faut acheter en outre l&rsquo;adaptateur et les c\u00e2bles de donn\u00e9es qui permettent aux donn\u00e9es d\u2019essai de s\u2019 introduire dans un ordinateur ou un syst\u00e8me de collection de donn\u00e9es SPC.<br \/>\nEn cas de configuration d\u2019un \u2018processeur de donn\u00e9es TRC-200 OU TRC-400\u2019, la jauge poss\u00e8de une fonction de calculation automatique qui peut mesurer le diam\u00e8tre int\u00e9rieur r\u00e9el pour 2 contenants, redresser l\u2019erreur de mesure caus\u00e9e par l\u2019effet elliptique.\n<\/p>\n<\/div>\n","protected":false},"excerpt":{"rendered":"<h3>Jauge de diam\u00e8tre int\u00e9rieur de l\u2019aperture CanNeed-IDG-100\/200\/300<\/h3>\n","protected":false},"featured_media":196,"comment_status":"closed","ping_status":"closed","template":"","meta":[],"product_brand":[],"product_cat":[31,30,21],"product_tag":[],"class_list":{"0":"post-166","1":"product","2":"type-product","3":"status-publish","4":"has-post-thumbnail","6":"product_cat-capuchon-metallique-capuchon-couronne-capuchon-a-languette-capuchon-a-vis-capuchon-a-ouverture-a-griffe","7":"product_cat-dimensions","8":"product_cat-laboratoire","10":"first","11":"instock","12":"shipping-taxable","13":"product-type-simple"},"aioseo_notices":[],"_links":{"self":[{"href":"https:\/\/www.canneed.com\/fr\/wp-json\/wp\/v2\/product\/166","targetHints":{"allow":["GET"]}}],"collection":[{"href":"https:\/\/www.canneed.com\/fr\/wp-json\/wp\/v2\/product"}],"about":[{"href":"https:\/\/www.canneed.com\/fr\/wp-json\/wp\/v2\/types\/product"}],"replies":[{"embeddable":true,"href":"https:\/\/www.canneed.com\/fr\/wp-json\/wp\/v2\/comments?post=166"}],"wp:featuredmedia":[{"embeddable":true,"href":"https:\/\/www.canneed.com\/fr\/wp-json\/wp\/v2\/media\/196"}],"wp:attachment":[{"href":"https:\/\/www.canneed.com\/fr\/wp-json\/wp\/v2\/media?parent=166"}],"wp:term":[{"taxonomy":"product_brand","embeddable":true,"href":"https:\/\/www.canneed.com\/fr\/wp-json\/wp\/v2\/product_brand?post=166"},{"taxonomy":"product_cat","embeddable":true,"href":"https:\/\/www.canneed.com\/fr\/wp-json\/wp\/v2\/product_cat?post=166"},{"taxonomy":"product_tag","embeddable":true,"href":"https:\/\/www.canneed.com\/fr\/wp-json\/wp\/v2\/product_tag?post=166"}],"curies":[{"name":"wp","href":"https:\/\/api.w.org\/{rel}","templated":true}]}}