{"id":163,"date":"2025-05-13T15:57:42","date_gmt":"2025-05-13T07:57:42","guid":{"rendered":"http:\/\/www.canneed.com\/fr\/?post_type=product&#038;p=163"},"modified":"2025-05-13T15:57:46","modified_gmt":"2025-05-13T07:57:46","slug":"canneed-pdg-d","status":"publish","type":"product","link":"https:\/\/www.canneed.com\/fr\/product\/canneed-pdg-d\/","title":{"rendered":"CanNeed-PDG-d"},"content":{"rendered":"<p>&nbsp;<\/p>\n<h3>Application<\/h3>\n<div class='prodocut_content'>La jauge de profondeur plane CanNeed-PDG-d pour aliments et boissons en conserve est utilis\u00e9e pour mesurer la profondeur plane des aliments et boissons en conserve. Elle permet de contr\u00f4ler la pression interne ou le vide des bo\u00eetes de conserve sans les percer.&nbsp;<\/div>\n<p>&nbsp;<\/p>\n<h3>Les avantages<\/h3>\n<div class='prodocut_content'>CanNeed-PDG-d se compose d&rsquo;une jauge de profondeur plane et d&rsquo;une plate-forme d&rsquo;\u00e9talonnage ZERO.<br \/>\nSi l&rsquo;adaptateur et le c\u00e2ble sont achet\u00e9s, la jauge peut \u00eatre connect\u00e9e \u00e0 un ordinateur ou \u00e0 un syst\u00e8me SPC pour la collecte des donn\u00e9es, ce qui \u00e9vite tout travail d&rsquo;enregistrement des donn\u00e9es.<\/div>\n","protected":false},"excerpt":{"rendered":"<h3>Jauge de profondeur pour aliments et boissons en conserve<\/h3>\n","protected":false},"featured_media":193,"comment_status":"closed","ping_status":"closed","template":"","meta":[],"product_brand":[],"product_cat":[33,66,21],"product_tag":[],"class_list":{"0":"post-163","1":"product","2":"type-product","3":"status-publish","4":"has-post-thumbnail","6":"product_cat-bouteilles-pet-boissons-bouteilles-pet-embryons-de-bouteilles-bouchons-en-plastique","7":"product_cat-carre-deviation-de-laxe-vertical","8":"product_cat-laboratoire","10":"first","11":"instock","12":"shipping-taxable","13":"product-type-simple"},"aioseo_notices":[],"_links":{"self":[{"href":"https:\/\/www.canneed.com\/fr\/wp-json\/wp\/v2\/product\/163","targetHints":{"allow":["GET"]}}],"collection":[{"href":"https:\/\/www.canneed.com\/fr\/wp-json\/wp\/v2\/product"}],"about":[{"href":"https:\/\/www.canneed.com\/fr\/wp-json\/wp\/v2\/types\/product"}],"replies":[{"embeddable":true,"href":"https:\/\/www.canneed.com\/fr\/wp-json\/wp\/v2\/comments?post=163"}],"wp:featuredmedia":[{"embeddable":true,"href":"https:\/\/www.canneed.com\/fr\/wp-json\/wp\/v2\/media\/193"}],"wp:attachment":[{"href":"https:\/\/www.canneed.com\/fr\/wp-json\/wp\/v2\/media?parent=163"}],"wp:term":[{"taxonomy":"product_brand","embeddable":true,"href":"https:\/\/www.canneed.com\/fr\/wp-json\/wp\/v2\/product_brand?post=163"},{"taxonomy":"product_cat","embeddable":true,"href":"https:\/\/www.canneed.com\/fr\/wp-json\/wp\/v2\/product_cat?post=163"},{"taxonomy":"product_tag","embeddable":true,"href":"https:\/\/www.canneed.com\/fr\/wp-json\/wp\/v2\/product_tag?post=163"}],"curies":[{"name":"wp","href":"https:\/\/api.w.org\/{rel}","templated":true}]}}