{"id":162,"date":"2025-05-13T15:57:42","date_gmt":"2025-05-13T07:57:42","guid":{"rendered":"http:\/\/www.canneed.com\/fr\/?post_type=product&#038;p=162"},"modified":"2025-05-13T15:57:46","modified_gmt":"2025-05-13T07:57:46","slug":"canneed-slg-d","status":"publish","type":"product","link":"https:\/\/www.canneed.com\/fr\/product\/canneed-slg-d\/","title":{"rendered":"CanNeed-SLG-d"},"content":{"rendered":"<p>&nbsp;<\/p>\n<h3>Application<\/h3>\n<div class='prodocut_content'><span>La jauge de longueur du roulage SLG-d est destin\u00e9e \u00e0 mesurer la longueur du roulage de bord.<\/span><\/div>\n<p>&nbsp;<\/p>\n<h3>Les avantages<\/h3>\n<div class='prodocut_content'>\n<p>\n\tGrace \u00e0 la conception fiable et la pression de mesure constant, les op\u00e9rateurs inexp\u00e9riment\u00e9s peuvent mesurer aussi pr\u00e9cis\u00e9ment .Le positionnement vertical du corps du contenant augmente la fiabilit\u00e9 et la commodit\u00e9 de la mesure.S\u2019adapte aux diverses cat\u00e9gories de contenants.\n<\/p>\n<p>\n\tChoisir et acheter les adaptateurs et les c\u00e2bles de donn\u00e9es, il permet d\u2019introduire les donn\u00e9es d\u2019essais dans un ordinateur ou un syst\u00e8me de collection de donn\u00e9es SPC, emp\u00eache par cons\u00e9quent l\u2019erreur de saisie des donn\u00e9es .\n<\/p>\n<p>\n\tLa jauge de longueur du roulage SLG-d est compos\u00e9e d\u2019une plate-forme et d\u2019un comparateur \u00e0 cadran.\n<\/p>\n<\/div>\n<p>&nbsp;<\/p>\n<h3>Param\u00e8tres techniques<\/h3>\n<div class='prodocut_content'><span>Gamme de mesure: 0-7mm (il existe des autres gammes en option)<\/span><br \/>\n<span>Exactitude: 0.02mm<\/span><\/div>\n","protected":false},"excerpt":{"rendered":"<h3>Jauge de longueur du roulage de bord<\/h3>\n","protected":false},"featured_media":192,"comment_status":"closed","ping_status":"closed","template":"","meta":[],"product_brand":[],"product_cat":[17,21,57],"product_tag":[],"class_list":{"0":"post-162","1":"product","2":"type-product","3":"status-publish","4":"has-post-thumbnail","6":"product_cat-biere-en-conserve-boisson-en-conserve-en-conserve","7":"product_cat-laboratoire","8":"product_cat-pression-resistance-a-la-pression","10":"first","11":"instock","12":"shipping-taxable","13":"product-type-simple"},"aioseo_notices":[],"_links":{"self":[{"href":"https:\/\/www.canneed.com\/fr\/wp-json\/wp\/v2\/product\/162","targetHints":{"allow":["GET"]}}],"collection":[{"href":"https:\/\/www.canneed.com\/fr\/wp-json\/wp\/v2\/product"}],"about":[{"href":"https:\/\/www.canneed.com\/fr\/wp-json\/wp\/v2\/types\/product"}],"replies":[{"embeddable":true,"href":"https:\/\/www.canneed.com\/fr\/wp-json\/wp\/v2\/comments?post=162"}],"wp:featuredmedia":[{"embeddable":true,"href":"https:\/\/www.canneed.com\/fr\/wp-json\/wp\/v2\/media\/192"}],"wp:attachment":[{"href":"https:\/\/www.canneed.com\/fr\/wp-json\/wp\/v2\/media?parent=162"}],"wp:term":[{"taxonomy":"product_brand","embeddable":true,"href":"https:\/\/www.canneed.com\/fr\/wp-json\/wp\/v2\/product_brand?post=162"},{"taxonomy":"product_cat","embeddable":true,"href":"https:\/\/www.canneed.com\/fr\/wp-json\/wp\/v2\/product_cat?post=162"},{"taxonomy":"product_tag","embeddable":true,"href":"https:\/\/www.canneed.com\/fr\/wp-json\/wp\/v2\/product_tag?post=162"}],"curies":[{"name":"wp","href":"https:\/\/api.w.org\/{rel}","templated":true}]}}