{"id":16,"date":"2025-05-13T15:57:15","date_gmt":"2025-05-13T07:57:15","guid":{"rendered":"http:\/\/www.canneed.com\/fr\/?post_type=product&#038;p=16"},"modified":"2025-05-13T15:57:21","modified_gmt":"2025-05-13T07:57:21","slug":"canneed-css-2000","status":"publish","type":"product","link":"https:\/\/www.canneed.com\/fr\/product\/canneed-css-2000\/","title":{"rendered":"CanNeed-CSS-2000"},"content":{"rendered":"<p>&nbsp;<\/p>\n<h3>Application<\/h3>\n<div class='prodocut_content'>La scie \u00e0 serti CanNeed-CSS-2000 est une unit\u00e9 sp\u00e9ciale pour couper les bo\u00eetes \u00e0 double serti pour l&rsquo;inspection.<br \/>\nLa plate-forme de d\u00e9placement de l&rsquo;\u00e9chantillon est assembl\u00e9e sur un rail lin\u00e9aire avec un effet de coupe pr\u00e9cis pour garantir que l&rsquo;image de coupe est tr\u00e8s claire lors de l&rsquo;inspection de la qualit\u00e9 du serti avec le moniteur de serti automatique CanNeed Seam Sight.<br \/>\nLe rail lin\u00e9aire pour le d\u00e9placement des bo\u00eetes est install\u00e9 pour assurer une coupe lin\u00e9aire parfaite. Configur\u00e9e avec une lame extr\u00eamement dure, elle est durable et permet une coupe nette sans bavures.<\/div>\n<p>&nbsp;<\/p>\n<h3>Les avantages<\/h3>\n<div class='prodocut_content'>1. Performances en mati\u00e8re de s\u00e9curit\u00e9 :<br \/>\n(1) Ajout d&rsquo;un interrupteur de contact avec le m\u00e9tal. Lorsque le m\u00e9tal coup\u00e9 touche l&rsquo;interrupteur, la lame de scie s&rsquo;ouvre pour travailler, ce qui permet d&rsquo;\u00e9viter les incidents dangereux.<br \/>\n(2) Interrupteur d&rsquo;arr\u00eat d&rsquo;urgence.<\/p>\n<p>2. Commodit\u00e9 : L&rsquo;ajout d&rsquo;une rainure cach\u00e9e de type rail inf\u00e9rieur \u00e9tirant, il n&rsquo;est pas n\u00e9cessaire de d\u00e9monter la bo\u00eete en plus de la limaille de fer.<\/div>\n","protected":false},"excerpt":{"rendered":"<h3>Scie de scellement et de roulage du contenant(d\u00e9coupeur de roulage)<\/h3>\n","protected":false},"featured_media":54,"comment_status":"closed","ping_status":"closed","template":"","meta":[],"product_brand":[],"product_cat":[17,22,21,19],"product_tag":[],"class_list":{"0":"post-16","1":"product","2":"type-product","3":"status-publish","4":"has-post-thumbnail","6":"product_cat-biere-en-conserve-boisson-en-conserve-en-conserve","7":"product_cat-canette-aerosol-en-trois-parties-revetement","8":"product_cat-laboratoire","9":"product_cat-ourlet-double","11":"first","12":"instock","13":"shipping-taxable","14":"product-type-simple"},"aioseo_notices":[],"_links":{"self":[{"href":"https:\/\/www.canneed.com\/fr\/wp-json\/wp\/v2\/product\/16","targetHints":{"allow":["GET"]}}],"collection":[{"href":"https:\/\/www.canneed.com\/fr\/wp-json\/wp\/v2\/product"}],"about":[{"href":"https:\/\/www.canneed.com\/fr\/wp-json\/wp\/v2\/types\/product"}],"replies":[{"embeddable":true,"href":"https:\/\/www.canneed.com\/fr\/wp-json\/wp\/v2\/comments?post=16"}],"wp:featuredmedia":[{"embeddable":true,"href":"https:\/\/www.canneed.com\/fr\/wp-json\/wp\/v2\/media\/54"}],"wp:attachment":[{"href":"https:\/\/www.canneed.com\/fr\/wp-json\/wp\/v2\/media?parent=16"}],"wp:term":[{"taxonomy":"product_brand","embeddable":true,"href":"https:\/\/www.canneed.com\/fr\/wp-json\/wp\/v2\/product_brand?post=16"},{"taxonomy":"product_cat","embeddable":true,"href":"https:\/\/www.canneed.com\/fr\/wp-json\/wp\/v2\/product_cat?post=16"},{"taxonomy":"product_tag","embeddable":true,"href":"https:\/\/www.canneed.com\/fr\/wp-json\/wp\/v2\/product_tag?post=16"}],"curies":[{"name":"wp","href":"https:\/\/api.w.org\/{rel}","templated":true}]}}