{"id":15,"date":"2025-05-13T15:57:14","date_gmt":"2025-05-13T07:57:14","guid":{"rendered":"http:\/\/www.canneed.com\/fr\/?post_type=product&#038;p=15"},"modified":"2025-05-13T15:57:21","modified_gmt":"2025-05-13T07:57:21","slug":"canneed-css-100b-2","status":"publish","type":"product","link":"https:\/\/www.canneed.com\/fr\/product\/canneed-css-100b-2\/","title":{"rendered":"CanNeed-CSS-100B"},"content":{"rendered":"<p>&nbsp;<\/p>\n<h3>Application<\/h3>\n<div class='prodocut_content'><span>La scie de scellement et de roulage silencieuse CSS-100B est destin\u00e9e exclusivement \u00e0 d\u00e9couper l\u00e8s contenants \u00e0 diam\u00e8tre 65mm (par exemple la cannette de la bi\u00e8re , les cannettes \u00e0 capsule 209)\uff0c la d\u00e9coupe est pr\u00e9cis , rapide, s\u00e9curitaire et commode. Les contenants ne peuvent \u00eatre d\u00e9form\u00e9s lors du d\u00e9coupe .Effet de d\u00e9coupe pr\u00e9cis, acqu\u00e9rir un tranchant claire, alors que les images sont limpides lorsqu\u2019on utilise le projecteur du roulage Seam Sight de la soci\u00e9t\u00e9 Canneed pour tester le scellement et le roulage.<\/span><\/div>\n<p>&nbsp;<\/p>\n<h3>Les avantages<\/h3>\n<div class='prodocut_content'><span>La scie de scellement et de roulage silencieuse CSS-100B est con\u00e7u sp\u00e9cifiquement muet, diminuer le bruit de d\u00e9coupe du contenant.<\/span><br \/>\n<span>Lames en acier hyper rigide, \u00eatre solides et durables, les tranchants sont limpides, sans ar\u00eates.<\/span><\/div>\n<p>&nbsp;<\/p>\n<h3>Param\u00e8tres techniques<\/h3>\n<div class='prodocut_content'><span>Diam\u00e8tre du contenant sp\u00e9cimen:&nbsp;65mm (les formes de contenants doivent \u00eatre personnalis\u00e9es<\/span><br \/>\n<span>Source d\u2019alimentation: &nbsp;220V<\/span><br \/>\n<span>Lames de scie:&nbsp;80\u00d722\u00d70.5mm (no.d\u2019article HSS-1-80-5)<\/span><br \/>\n<span>Vitesse de rotation de la coupe: &nbsp;Environ 1000 tr\/min.<\/span><br \/>\n<span>Puissance: &nbsp;100W<\/span><\/div>\n","protected":false},"excerpt":{"rendered":"<h3>Scie de scellement et de roulage silencieuse CanNeed-CSS-100B (d\u00e9coupeur de roulage)<\/h3>\n","protected":false},"featured_media":53,"comment_status":"closed","ping_status":"closed","template":"","meta":[],"product_brand":[],"product_cat":[17,22,21,19],"product_tag":[],"class_list":{"0":"post-15","1":"product","2":"type-product","3":"status-publish","4":"has-post-thumbnail","6":"product_cat-biere-en-conserve-boisson-en-conserve-en-conserve","7":"product_cat-canette-aerosol-en-trois-parties-revetement","8":"product_cat-laboratoire","9":"product_cat-ourlet-double","11":"first","12":"instock","13":"shipping-taxable","14":"product-type-simple"},"aioseo_notices":[],"_links":{"self":[{"href":"https:\/\/www.canneed.com\/fr\/wp-json\/wp\/v2\/product\/15","targetHints":{"allow":["GET"]}}],"collection":[{"href":"https:\/\/www.canneed.com\/fr\/wp-json\/wp\/v2\/product"}],"about":[{"href":"https:\/\/www.canneed.com\/fr\/wp-json\/wp\/v2\/types\/product"}],"replies":[{"embeddable":true,"href":"https:\/\/www.canneed.com\/fr\/wp-json\/wp\/v2\/comments?post=15"}],"wp:featuredmedia":[{"embeddable":true,"href":"https:\/\/www.canneed.com\/fr\/wp-json\/wp\/v2\/media\/53"}],"wp:attachment":[{"href":"https:\/\/www.canneed.com\/fr\/wp-json\/wp\/v2\/media?parent=15"}],"wp:term":[{"taxonomy":"product_brand","embeddable":true,"href":"https:\/\/www.canneed.com\/fr\/wp-json\/wp\/v2\/product_brand?post=15"},{"taxonomy":"product_cat","embeddable":true,"href":"https:\/\/www.canneed.com\/fr\/wp-json\/wp\/v2\/product_cat?post=15"},{"taxonomy":"product_tag","embeddable":true,"href":"https:\/\/www.canneed.com\/fr\/wp-json\/wp\/v2\/product_tag?post=15"}],"curies":[{"name":"wp","href":"https:\/\/api.w.org\/{rel}","templated":true}]}}