{"id":113,"date":"2025-05-13T15:57:31","date_gmt":"2025-05-13T07:57:31","guid":{"rendered":"http:\/\/www.canneed.com\/fr\/?post_type=product&#038;p=113"},"modified":"2025-05-13T15:57:42","modified_gmt":"2025-05-13T07:57:42","slug":"canneed-blt-100","status":"publish","type":"product","link":"https:\/\/www.canneed.com\/fr\/product\/canneed-blt-100\/","title":{"rendered":"CanNeed-BLT-100"},"content":{"rendered":"<p>&nbsp;<\/p>\n<h3>Application<\/h3>\n<div class='prodocut_content'>Le testeur d&rsquo;abrasion BLT- 01 Bottle Cap Finish Abrasion Tester est utilis\u00e9 pour \u00e9valuer la r\u00e9sistance \u00e0 l&rsquo;abrasion des finitions de bouchons de bouteilles.<\/div>\n<p>&nbsp;<\/p>\n<h3>Les avantages<\/h3>\n<div class='prodocut_content'>M\u00e9thode d&rsquo;\u00e9talonnage des bouchons de bouteille.<\/p>\n<p>1. Nettoyer 25 capsules de bouteilles et les peser avec une pr\u00e9cision de 0,1 mg.<\/p>\n<p>2\u3001Mettre les bouchons nettoy\u00e9s dans le testeur d&rsquo;usure de film de peinture BLT-01 et le faire tourner \u00e0 20 tours par minute pendant 50 minutes.<\/p>\n<p>3\u3001Enlever le bouchon \u00e9chantillon, nettoyer le film de peinture abras\u00e9 attach\u00e9 au bouchon et le peser, avec une pr\u00e9cision de 0,1 mg.<\/p>\n<p>4, faire \u00e9galement un \u00e9chantillon parall\u00e8le, les r\u00e9sultats finaux de la moyenne de la diff\u00e9rence entre les deux groupes pour les valeurs d&rsquo;usure du film du bouchon de la bouteille.<\/div>\n<p>&nbsp;<\/p>\n<h3>Param\u00e8tres techniques<\/h3>\n<div class='prodocut_content'>1)Vitesse : 20 rpm<br \/>\n2)Dur\u00e9e : 1\uff5e99 minutes<br \/>\n3)Puissance : 100W<br \/>\n4)Tension : AC 220V<\/div>\n","protected":false},"excerpt":{"rendered":"<h3>Testeur d&rsquo;abrasion de peinture sur bouchon de bouteille<\/h3>\n","protected":false},"featured_media":158,"comment_status":"closed","ping_status":"closed","template":"","meta":[],"product_brand":[],"product_cat":[31,30,21],"product_tag":[],"class_list":{"0":"post-113","1":"product","2":"type-product","3":"status-publish","4":"has-post-thumbnail","6":"product_cat-capuchon-metallique-capuchon-couronne-capuchon-a-languette-capuchon-a-vis-capuchon-a-ouverture-a-griffe","7":"product_cat-dimensions","8":"product_cat-laboratoire","10":"first","11":"instock","12":"shipping-taxable","13":"product-type-simple"},"aioseo_notices":[],"_links":{"self":[{"href":"https:\/\/www.canneed.com\/fr\/wp-json\/wp\/v2\/product\/113","targetHints":{"allow":["GET"]}}],"collection":[{"href":"https:\/\/www.canneed.com\/fr\/wp-json\/wp\/v2\/product"}],"about":[{"href":"https:\/\/www.canneed.com\/fr\/wp-json\/wp\/v2\/types\/product"}],"replies":[{"embeddable":true,"href":"https:\/\/www.canneed.com\/fr\/wp-json\/wp\/v2\/comments?post=113"}],"wp:featuredmedia":[{"embeddable":true,"href":"https:\/\/www.canneed.com\/fr\/wp-json\/wp\/v2\/media\/158"}],"wp:attachment":[{"href":"https:\/\/www.canneed.com\/fr\/wp-json\/wp\/v2\/media?parent=113"}],"wp:term":[{"taxonomy":"product_brand","embeddable":true,"href":"https:\/\/www.canneed.com\/fr\/wp-json\/wp\/v2\/product_brand?post=113"},{"taxonomy":"product_cat","embeddable":true,"href":"https:\/\/www.canneed.com\/fr\/wp-json\/wp\/v2\/product_cat?post=113"},{"taxonomy":"product_tag","embeddable":true,"href":"https:\/\/www.canneed.com\/fr\/wp-json\/wp\/v2\/product_tag?post=113"}],"curies":[{"name":"wp","href":"https:\/\/api.w.org\/{rel}","templated":true}]}}