{"id":112,"date":"2025-05-13T15:57:31","date_gmt":"2025-05-13T07:57:31","guid":{"rendered":"http:\/\/www.canneed.com\/fr\/?post_type=product&#038;p=112"},"modified":"2025-05-13T15:57:41","modified_gmt":"2025-05-13T07:57:41","slug":"canneed-vlt-100","status":"publish","type":"product","link":"https:\/\/www.canneed.com\/fr\/product\/canneed-vlt-100\/","title":{"rendered":"CanNeed-VLT-100"},"content":{"rendered":"<p>&nbsp;<\/p>\n<h3>Application<\/h3>\n<div class='prodocut_content'>Le testeur de charge verticale CanNeed-VLT-100 mesure la r\u00e9sistance \u00e0 la charge verticale des r\u00e9cipients en verre, en simulant les charges de bouchage et d&#8217;empilage.<br \/>\nLe test et le contr\u00f4le du CanNeed-VLT-100 permettent de r\u00e9duire le nombre de bouteilles en verre cass\u00e9es lors du capsulage et de l&#8217;empilage.<br \/>\nLa conception unique de la machine facilite l&rsquo;utilisation et la maintenance. Le test est conforme aux exigences de la norme nationale (GB\/T 22934-2008) et de la norme internationale (ISO 8113:2004).<br \/>\nLe mode d&rsquo;essai de charge verticale peut \u00eatre r\u00e9gl\u00e9 comme le mode d&rsquo;essai de r\u00e9ussite (atteindre une pression pr\u00e9d\u00e9finie) ou le mode d&rsquo;essai de destruction (pressuriser jusqu&rsquo;\u00e0 la destruction ou la d\u00e9formation de l&rsquo;\u00e9chantillon).<\/div>\n<p>&nbsp;<\/p>\n<h3>Les avantages<\/h3>\n<div class='prodocut_content'>\n<ol>\n<li>\n\t\tLe \u00ab CanNeed-VLT-100 Vertical Load Tester \u00bb pour les bouteilles en verre est une machine conforme \u00e0 la norme commerciale ;\n\t<\/li>\n<li>\n\t\tSimule la r\u00e9sistance \u00e0 la charge verticale des bouteilles en verre pendant le bouchage et l&#8217;empilage ;\n\t<\/li>\n<li>\n\t\tLe test et le contr\u00f4le du CanNeed-VLT-100 permettent de r\u00e9duire le nombre de contenants cass\u00e9s lors du bouchage et de l&#8217;empilage ;\n\t<\/li>\n<li>\n\t\tMat\u00e9riau en acier inoxydable, solide et durable ;\n\t<\/li>\n<li>\n\t\tFonctionnement facile, d\u00e9marrage par bouton-poussoir ;\n\t<\/li>\n<li>\n\t\tPorte \u00e0 verrouillage de s\u00e9curit\u00e9 pour \u00e9viter toute ouverture accidentelle ;\n\t<\/li>\n<li>\n\t\tContr\u00f4le par \u00e9cran tactile PLC, r\u00e9ponse rapide et longue dur\u00e9e de vie ;\n\t<\/li>\n<li>\n\t\tConception unique, plateaux extr\u00eamement parall\u00e8les, ce qui garantit que les \u00e9chantillons subissent une v\u00e9ritable pression axiale pendant le test ;\n\t<\/li>\n<li>\n\t\tAffichage et enregistrement automatiques de la valeur maximale de la force axiale lorsque l&rsquo;\u00e9chantillon est \u00e9cras\u00e9 ;\n\t<\/li>\n<li>\n\t\tVitesse de compression stable, collecte automatique des donn\u00e9es par le syst\u00e8me de contr\u00f4le micro-informatique ;\n\t<\/li>\n<li>\n\t\tLorsqu&rsquo;un test d&rsquo;\u00e9chantillon est termin\u00e9, la distance entre les plateaux sup\u00e9rieur et inf\u00e9rieur est r\u00e9initialis\u00e9e \u00e0 son \u00e9tat par d\u00e9faut pour faciliter la prise et la mise en place des \u00e9chantillons ;\n\t<\/li>\n<li>\n\t\tApr\u00e8s plusieurs tests d&rsquo;\u00e9chantillons, il est toujours possible de v\u00e9rifier le r\u00e9sultat d&rsquo;un seul test, en calculant automatiquement les valeurs moyennes, maximales et minimales ;\n\t<\/li>\n<li>\n\t\tApplicable \u00e0 des \u00e9chantillons de diff\u00e9rentes tailles ;\n\t<\/li>\n<li>\n\t\tProtection contre les surcharges ;\n\t<\/li>\n<li>\n\t\tSortie de donn\u00e9es RS232C, les donn\u00e9es peuvent \u00eatre envoy\u00e9es au SPC.\n\t<\/li>\n<\/ol>\n<\/div>\n","protected":false},"excerpt":{"rendered":"<h3>Testeur de charge verticale<\/h3>\n","protected":false},"featured_media":157,"comment_status":"closed","ping_status":"closed","template":"","meta":[],"product_brand":[],"product_cat":[31,32,29,21],"product_tag":[],"class_list":{"0":"post-112","1":"product","2":"type-product","3":"status-publish","4":"has-post-thumbnail","6":"product_cat-capuchon-metallique-capuchon-couronne-capuchon-a-languette-capuchon-a-vis-capuchon-a-ouverture-a-griffe","7":"product_cat-cosmetiques-medicaments-aliments-en-sac","8":"product_cat-film-de-peinture-peinture-revetement","9":"product_cat-laboratoire","11":"first","12":"instock","13":"shipping-taxable","14":"product-type-simple"},"aioseo_notices":[],"_links":{"self":[{"href":"https:\/\/www.canneed.com\/fr\/wp-json\/wp\/v2\/product\/112","targetHints":{"allow":["GET"]}}],"collection":[{"href":"https:\/\/www.canneed.com\/fr\/wp-json\/wp\/v2\/product"}],"about":[{"href":"https:\/\/www.canneed.com\/fr\/wp-json\/wp\/v2\/types\/product"}],"replies":[{"embeddable":true,"href":"https:\/\/www.canneed.com\/fr\/wp-json\/wp\/v2\/comments?post=112"}],"wp:featuredmedia":[{"embeddable":true,"href":"https:\/\/www.canneed.com\/fr\/wp-json\/wp\/v2\/media\/157"}],"wp:attachment":[{"href":"https:\/\/www.canneed.com\/fr\/wp-json\/wp\/v2\/media?parent=112"}],"wp:term":[{"taxonomy":"product_brand","embeddable":true,"href":"https:\/\/www.canneed.com\/fr\/wp-json\/wp\/v2\/product_brand?post=112"},{"taxonomy":"product_cat","embeddable":true,"href":"https:\/\/www.canneed.com\/fr\/wp-json\/wp\/v2\/product_cat?post=112"},{"taxonomy":"product_tag","embeddable":true,"href":"https:\/\/www.canneed.com\/fr\/wp-json\/wp\/v2\/product_tag?post=112"}],"curies":[{"name":"wp","href":"https:\/\/api.w.org\/{rel}","templated":true}]}}