{"id":110,"date":"2025-05-13T15:57:31","date_gmt":"2025-05-13T07:57:31","guid":{"rendered":"http:\/\/www.canneed.com\/fr\/?post_type=product&#038;p=110"},"modified":"2025-05-13T15:57:41","modified_gmt":"2025-05-13T07:57:41","slug":"canneed-bpt-4000","status":"publish","type":"product","link":"https:\/\/www.canneed.com\/fr\/product\/canneed-bpt-4000\/","title":{"rendered":"CanNeed-BPT-4000"},"content":{"rendered":"<p>&nbsp;<\/p>\n<h3>Application<\/h3>\n<div class='prodocut_content'>\n<p>\n\t\u00ab\u00a0Le testeur de pression dans la bouteilles verres BPT-4000 (doubles positions de service)\u00a0\u00bb de la soci\u00e9t\u00e9 des Instruments CanNeed peut effectuer un essai de r\u00e9sistance \u00e0 la pression visant les bouteilles verres.Il peut \u00eatre appliqu\u00e9 dans un essai de travers\u00e9e ainsi qu&rsquo;un essai d\u2019explosion.\n<\/p>\n<p>\n\tDeux positions de service, \u00eatre rapide et efficace.Commande par l\u2019\u00e9cran PLC, l\u2019interface de contr\u00f4le \u00e0 l\u2019\u00e9cran tactile, serrage et test automatique pour les sp\u00e9cimens, le processus de pressurisation command\u00e9 par un servo, afficher imm\u00e9diatement les donn\u00e9es , enregistrer automatiquement les r\u00e9sultats d\u2019essai.\n<\/p>\n<p>\n\tBPT-4000 poss\u00e8de la \u2018m\u00e9thode de pressurisation lin\u00e9aire\u2019 et la \u2018m\u00e9thode de maintenance de la pression\u2019, les utilisateurs peuvent choisir une m\u00e9thode appropri\u00e9e selon le besoin.<br \/>\nLors d\u2019essai, remplir la bouteille sp\u00e9cimen avec de l\u2019eau, la placer \u00e0 la premi\u00e8re position de service, fermer la porte protective, serrer automatiquement le sp\u00e9cimen et pressuriser jusqu\u2019\u00e0 une valeur pr\u00e9d\u00e9termin\u00e9e (par l\u2019essai de travers\u00e9e) ou produire une explosion (par un essai destructif).L\u2019\u00e9cran tactil affiche en temps reel les valeurs de pression et enregistrer les donn\u00e9es .La porte protective s&rsquo;ouvra apr\u00e8s l\u2019essai, on peut enveler le sp\u00e9cimen.Lorsque la premi\u00e8re position de service fonctionne, on peut poser un autre sp\u00e9cimen \u00e0 la deuxi\u00e8me position de service, effectuer l\u2019essai.\n<\/p>\n<p>\n\tPoss\u00e8de 2 modes d\u2019essai: \u2018M\u00e9thode d\u2019essai \u00e0 pressurisation lin\u00e9aire\u2019 et \u2018m\u00e9thode de maintenance de la pression\u2019.<br \/>\nA la conformit\u00e9 avec les \u2018 m\u00e9thodes de r\u00e9sistance \u00e0 la pression int\u00e9rieur du contenant verre GB-T4546-2008\u2019.<br \/>\n\uff08ISO 7458:2004, IDT glass containers \u2013 internal pressure resistance \u2013 test methods\uff09<br \/>\n\uff08ISO 7458\uff1a2004\uff0ccontenants en verre IDT-r\u00e9sistance \u00e0 la pression interne- m\u00e9thodes d\u2019essais\uff09<br \/>\nM\u00e9thode (A) Maintenance de la pression:<br \/>\nDans ce mode, la bouteille verre est pressuris\u00e9 \u00e0 partir de la valeur initiale 1.0 MPa\/S jusqu\u2019\u00e0 la valeur pr\u00e9d\u00e9termin\u00e9e et maintenir 60 sec., puis d\u00e9pressuriser rapidement .<br \/>\nParam\u00e8tres saisis contiennent: Pression maintenue pr\u00e9r\u00e9gl\u00e9e et temps de maintenance de la pression.&nbsp;<br \/>\nM\u00e9thode (B) Pressurisation lin\u00e9aire :<br \/>\nDans ce mode, la bouteille verre est pressuris\u00e9 \u00e0 partir de la valeur initiale 0.58 MPa\/S(l\u2019utilisateur peut r\u00e9gler la vitesse) jusqu\u2019\u00e0 la valeur pr\u00e9d\u00e9termin\u00e9e (test de travers\u00e9e ).ou la bouteille s\u2019explose (essai destructif).<br \/>\nParam\u00e8tres saisis contiennent: Pression pr\u00e9r\u00e9gl\u00e9e, vitesse de pressurisation.\n<\/p>\n<\/div>\n<p>&nbsp;<\/p>\n<h3>Les avantages<\/h3>\n<div class='prodocut_content'><span>Deux positions de service, \u00eatre rapide et efficace.<\/span><br \/>\n<span>Charge, serrage, test, enregistrement des donn\u00e9es de mesure automatiques.<\/span><br \/>\n<span>Command\u00e9 par l\u2019\u00e9cran tactile PLC.<\/span><br \/>\n<span>Poss\u00e8de 2 modes d\u2019essai: \u2018M\u00e9thode d\u2019essai \u00e0 pressurisation lin\u00e9aire\u2019 et \u2018m\u00e9thode de maintenance de la pression\u2019.<\/span><br \/>\n<span>T\u00eate de compression compensatrice \u00e9tanche , garantir l\u2019\u00e9tanch\u00e9it\u00e9 et la long\u00e9vit\u00e9 sous haute pression.<\/span><\/div>\n<p>&nbsp;<\/p>\n<h3>Param\u00e8tres techniques<\/h3>\n<div class='prodocut_content'><span>Gamme de mesure: 0-6MPa<\/span><br \/>\n<span>Exactitude de pression: 0.01Mpa<\/span><br \/>\n<span>Source d\u2019eau: 0.1~0.3Mpa Eau potable<\/span><br \/>\n<span>Temp\u00e9rature de service: 0-50\u00ba C<\/span><br \/>\n<span>Source d\u2019alimentation:110-120 ou 220\/240VCA @ 50\/60 Hz<\/span><br \/>\n<span>Interface de sortie: Sortie s\u00e9rie standard RS232<\/span><\/div>\n","protected":false},"excerpt":{"rendered":"<h3>Testeur de Pression dans la bouteille verre(doubles positions automatiques)<\/h3>\n","protected":false},"featured_media":151,"comment_status":"closed","ping_status":"closed","template":"","meta":[],"product_brand":[],"product_cat":[26,32,58,21],"product_tag":[],"class_list":{"0":"post-110","1":"product","2":"type-product","3":"status-publish","4":"has-post-thumbnail","6":"product_cat-bouteilles-en-verre-bouteilles-de-biere-vin-whisky","7":"product_cat-cosmetiques-medicaments-aliments-en-sac","8":"product_cat-force-de-traction-appui-sous-pression-charge-verticale-resistance-aux-chocs","9":"product_cat-laboratoire","11":"first","12":"instock","13":"shipping-taxable","14":"product-type-simple"},"aioseo_notices":[],"_links":{"self":[{"href":"https:\/\/www.canneed.com\/fr\/wp-json\/wp\/v2\/product\/110","targetHints":{"allow":["GET"]}}],"collection":[{"href":"https:\/\/www.canneed.com\/fr\/wp-json\/wp\/v2\/product"}],"about":[{"href":"https:\/\/www.canneed.com\/fr\/wp-json\/wp\/v2\/types\/product"}],"replies":[{"embeddable":true,"href":"https:\/\/www.canneed.com\/fr\/wp-json\/wp\/v2\/comments?post=110"}],"wp:featuredmedia":[{"embeddable":true,"href":"https:\/\/www.canneed.com\/fr\/wp-json\/wp\/v2\/media\/151"}],"wp:attachment":[{"href":"https:\/\/www.canneed.com\/fr\/wp-json\/wp\/v2\/media?parent=110"}],"wp:term":[{"taxonomy":"product_brand","embeddable":true,"href":"https:\/\/www.canneed.com\/fr\/wp-json\/wp\/v2\/product_brand?post=110"},{"taxonomy":"product_cat","embeddable":true,"href":"https:\/\/www.canneed.com\/fr\/wp-json\/wp\/v2\/product_cat?post=110"},{"taxonomy":"product_tag","embeddable":true,"href":"https:\/\/www.canneed.com\/fr\/wp-json\/wp\/v2\/product_tag?post=110"}],"curies":[{"name":"wp","href":"https:\/\/api.w.org\/{rel}","templated":true}]}}