{"id":109,"date":"2025-05-13T15:57:31","date_gmt":"2025-05-13T07:57:31","guid":{"rendered":"http:\/\/www.canneed.com\/fr\/?post_type=product&#038;p=109"},"modified":"2025-05-13T15:57:39","modified_gmt":"2025-05-13T07:57:39","slug":"canneed-bpt-4","status":"publish","type":"product","link":"https:\/\/www.canneed.com\/fr\/product\/canneed-bpt-4\/","title":{"rendered":"CanNeed-BPT-4"},"content":{"rendered":"<p>&nbsp;<\/p>\n<h3>Application<\/h3>\n<div class='prodocut_content'>Le testeur de pression \u00e0 rampe CanNeed-BPT-4 est un instrument de test avanc\u00e9 pour tester la pression des r\u00e9cipients en verre, et peut \u00e9galement \u00eatre utilis\u00e9 pour tester la valeur d&rsquo;\u00e9clatement.<br \/>\nHaute efficacit\u00e9, contr\u00f4le PLC, \u00e9cran tactile LCD, syst\u00e8me de serrage automatique, processus de pression \u00e0 servocommande, affichage des donn\u00e9es en temps r\u00e9el, test et sauvegarde automatique des donn\u00e9es.<br \/>\nDeux m\u00e9thodes de test : la pressurisation lin\u00e9aire et le maintien de la pression. Les utilisateurs peuvent choisir la m\u00e9thode de test en fonction de leurs besoins.<\/p>\n<p>\nProcessus de travail :<br \/>\nRemplir la bouteille d&rsquo;eau et la placer en premi\u00e8re position, puis fermer la porte de s\u00e9curit\u00e9. Serrer automatiquement la bouteille et la pression commence \u00e0 augmenter jusqu&rsquo;\u00e0 ce qu&rsquo;elle atteigne la valeur de r\u00e9glage (test de r\u00e9ussite) ou l&rsquo;\u00e9clatement (test destructif).<br \/>\nDeux m\u00e9thodes de test : maintien de la pression et pressurisation lin\u00e9aire.<br \/>\nSelon\u300aGB-T4546-2008 glass containers-international resistance-test mothods \u300b<br \/>\n\uff08ISO 7458:2004, R\u00e9cipients en verre IDT &#8211; R\u00e9sistance \u00e0 la pression interne &#8211; M\u00e9thodes d&rsquo;essai\uff09<\/div>\n<p>&nbsp;<\/p>\n<h3>Les avantages<\/h3>\n<div class='prodocut_content'>\uff081\uff09 Syst\u00e8me de serrage automatique<br \/>\n\uff082\uff09 Joint \u00e0 pression compens\u00e9e<br \/>\n\uff083\uff09 Cale durable<br \/>\n\uff084\uff09 Colliers de serrage durables<br \/>\n\uff085\uff09 Rep\u00e9rage automatique des petites et grandes bouteilles<br \/>\n\uff086\uff09 Les donn\u00e9es peuvent \u00eatre transmises \u00e0 un PC ou \u00e0 un SPC<br \/>\n\uff087\uff09 Sauvegarde automatique des donn\u00e9es jusqu&rsquo;\u00e0 1000<br \/>\n\uff088\uff09 Haute efficacit\u00e9<br \/>\n\uff089\uff09 Contr\u00f4l\u00e9 par PLC<br \/>\n\uff0810\uff09 Deux m\u00e9thodes de test : pressurisation lin\u00e9aire et maintien de la pression<br \/>\n\uff0811\uff09 Avec fonction d&rsquo;\u00e9talonnage<br \/>\n\uff0812\uff09 Verrouillage de s\u00e9curit\u00e9 sur les portes de la chambre d&rsquo;essai<\/div>\n","protected":false},"excerpt":{"rendered":"<h3>Testeur de pression de rampe (automatique)<\/h3>\n","protected":false},"featured_media":147,"comment_status":"closed","ping_status":"closed","template":"","meta":[],"product_brand":[],"product_cat":[26,21,57],"product_tag":[],"class_list":{"0":"post-109","1":"product","2":"type-product","3":"status-publish","4":"has-post-thumbnail","6":"product_cat-bouteilles-en-verre-bouteilles-de-biere-vin-whisky","7":"product_cat-laboratoire","8":"product_cat-pression-resistance-a-la-pression","10":"first","11":"instock","12":"shipping-taxable","13":"product-type-simple"},"aioseo_notices":[],"_links":{"self":[{"href":"https:\/\/www.canneed.com\/fr\/wp-json\/wp\/v2\/product\/109","targetHints":{"allow":["GET"]}}],"collection":[{"href":"https:\/\/www.canneed.com\/fr\/wp-json\/wp\/v2\/product"}],"about":[{"href":"https:\/\/www.canneed.com\/fr\/wp-json\/wp\/v2\/types\/product"}],"replies":[{"embeddable":true,"href":"https:\/\/www.canneed.com\/fr\/wp-json\/wp\/v2\/comments?post=109"}],"wp:featuredmedia":[{"embeddable":true,"href":"https:\/\/www.canneed.com\/fr\/wp-json\/wp\/v2\/media\/147"}],"wp:attachment":[{"href":"https:\/\/www.canneed.com\/fr\/wp-json\/wp\/v2\/media?parent=109"}],"wp:term":[{"taxonomy":"product_brand","embeddable":true,"href":"https:\/\/www.canneed.com\/fr\/wp-json\/wp\/v2\/product_brand?post=109"},{"taxonomy":"product_cat","embeddable":true,"href":"https:\/\/www.canneed.com\/fr\/wp-json\/wp\/v2\/product_cat?post=109"},{"taxonomy":"product_tag","embeddable":true,"href":"https:\/\/www.canneed.com\/fr\/wp-json\/wp\/v2\/product_tag?post=109"}],"curies":[{"name":"wp","href":"https:\/\/api.w.org\/{rel}","templated":true}]}}