{"id":108,"date":"2025-05-13T15:57:31","date_gmt":"2025-05-13T07:57:31","guid":{"rendered":"http:\/\/www.canneed.com\/fr\/?post_type=product&#038;p=108"},"modified":"2025-05-13T15:57:39","modified_gmt":"2025-05-13T07:57:39","slug":"canneed-mbct-100","status":"publish","type":"product","link":"https:\/\/www.canneed.com\/fr\/product\/canneed-mbct-100\/","title":{"rendered":"CanNeed-MBCT-100"},"content":{"rendered":"<p>&nbsp;<\/p>\n<h3>Application<\/h3>\n<div class='prodocut_content'>Le testeur d&rsquo;\u00e9bullition du malt CanNeed-MBCT-100 adopte un contr\u00f4le de temp\u00e9rature \u00e0 affichage num\u00e9rique, avec une grande pr\u00e9cision de contr\u00f4le de la temp\u00e9rature. Le dispositif de reflux est un dispositif de reflux \u00e0 quatre groupes, utilisant de l&rsquo;acier inoxydable, une apparence exquise, un instrument plus durable. Sandwich d&rsquo;isolation, \u00e9quip\u00e9 d&rsquo;un dispositif d&rsquo;agitation automatique. Test d&rsquo;\u00e9bullition : \u00e9bullition \u00e0 108\u2103 pendant 2 heures ; test de coagulabilit\u00e9 \u00e0 l&rsquo;azote : \u00e9bullition \u00e0 105\u2103 pendant 5 heures. L&rsquo;instrument est tr\u00e8s silencieux pendant le test, et l&rsquo;instrument s&rsquo;alarme automatiquement \u00e0 la fin du test.<\/p>\n<p>Utilisation :<br \/>\nTest de coagulabilit\u00e9 \u00e0 l&rsquo;azote pour le malt&nbsp;<br \/>\nTest de couleur d&rsquo;\u00e9bullition du malt<\/div>\n<p>&nbsp;<\/p>\n<h3>Les avantages<\/h3>\n<div class='prodocut_content'>\n<ol>\n<li>\n\t\tFabriqu\u00e9 \u00e0 partir des meilleurs composants et mat\u00e9riaux avec les derni\u00e8res technologies.\n\t<\/li>\n<li>\n\t\tTest d&rsquo;\u00e9bullition : 108\u2103 pendant 2 heures.\n\t<\/li>\n<li>\n\t\tTest de coagulabilit\u00e9 \u00e0 l&rsquo;azote : \u00e9bullition \u00e0 105\u00b0C pendant 5 heures.\n\t<\/li>\n<li>\n\t\tEn fonction de vos diff\u00e9rentes exigences de temp\u00e9rature et de temps de maintien, vous pouvez r\u00e9gler n&rsquo;importe quelle temp\u00e9rature et temps de maintien de la temp\u00e9rature ambiante \u00e0 108\u00b0C.\n\t<\/li>\n<li>\n\t\tLa temp\u00e9rature du test peut \u00eatre enregistr\u00e9e et modifi\u00e9e.\n\t<\/li>\n<li>\n\t\t\u00c9cran \u00e0 cristaux liquides, affichage en temps r\u00e9el de l&rsquo;heure et de la temp\u00e9rature, possibilit\u00e9 d&rsquo;afficher la courbe de temp\u00e9rature.\n\t<\/li>\n<li>\n\t\tContr\u00f4le programm\u00e9, haute pr\u00e9cision du contr\u00f4le de la temp\u00e9rature, erreur de temp\u00e9rature de \u00b1 0,5\u00b0C\n\t<\/li>\n<li>\n\t\t\u00c0 tout moment du processus d&rsquo;essai, les param\u00e8tres de temps et de temp\u00e9rature sont affich\u00e9s \u00e0 l&rsquo;\u00e9cran, ce qui permet de v\u00e9rifier \u00e0 tout moment le temps de maintien.\n\t<\/li>\n<\/ol>\n<\/div>\n","protected":false},"excerpt":{"rendered":"<h3>Testeur d&rsquo;\u00e9bullition du malt<\/h3>\n","protected":false},"featured_media":146,"comment_status":"closed","ping_status":"closed","template":"","meta":[],"product_brand":[],"product_cat":[26,21,57],"product_tag":[],"class_list":{"0":"post-108","1":"product","2":"type-product","3":"status-publish","4":"has-post-thumbnail","6":"product_cat-bouteilles-en-verre-bouteilles-de-biere-vin-whisky","7":"product_cat-laboratoire","8":"product_cat-pression-resistance-a-la-pression","10":"first","11":"instock","12":"shipping-taxable","13":"product-type-simple"},"aioseo_notices":[],"_links":{"self":[{"href":"https:\/\/www.canneed.com\/fr\/wp-json\/wp\/v2\/product\/108","targetHints":{"allow":["GET"]}}],"collection":[{"href":"https:\/\/www.canneed.com\/fr\/wp-json\/wp\/v2\/product"}],"about":[{"href":"https:\/\/www.canneed.com\/fr\/wp-json\/wp\/v2\/types\/product"}],"replies":[{"embeddable":true,"href":"https:\/\/www.canneed.com\/fr\/wp-json\/wp\/v2\/comments?post=108"}],"wp:featuredmedia":[{"embeddable":true,"href":"https:\/\/www.canneed.com\/fr\/wp-json\/wp\/v2\/media\/146"}],"wp:attachment":[{"href":"https:\/\/www.canneed.com\/fr\/wp-json\/wp\/v2\/media?parent=108"}],"wp:term":[{"taxonomy":"product_brand","embeddable":true,"href":"https:\/\/www.canneed.com\/fr\/wp-json\/wp\/v2\/product_brand?post=108"},{"taxonomy":"product_cat","embeddable":true,"href":"https:\/\/www.canneed.com\/fr\/wp-json\/wp\/v2\/product_cat?post=108"},{"taxonomy":"product_tag","embeddable":true,"href":"https:\/\/www.canneed.com\/fr\/wp-json\/wp\/v2\/product_tag?post=108"}],"curies":[{"name":"wp","href":"https:\/\/api.w.org\/{rel}","templated":true}]}}