{"id":105,"date":"2025-05-13T15:57:30","date_gmt":"2025-05-13T07:57:30","guid":{"rendered":"http:\/\/www.canneed.com\/fr\/?post_type=product&#038;p=105"},"modified":"2025-05-13T15:57:38","modified_gmt":"2025-05-13T07:57:38","slug":"canneed-ass-100","status":"publish","type":"product","link":"https:\/\/www.canneed.com\/fr\/product\/canneed-ass-100\/","title":{"rendered":"CanNeed-ASS-100"},"content":{"rendered":"<p>&nbsp;<\/p>\n<h3>Application<\/h3>\n<div class='prodocut_content'>L&rsquo;oscillateur pendulaire CanNeed-ASS-100 de CanNeed Instruments est con\u00e7u pour m\u00e9langer compl\u00e8tement les \u00e9chantillons en les faisant osciller, en particulier pour l&rsquo;extraction. Les \u00e9chantillons sont plac\u00e9s dans une fiole triangulaire et serr\u00e9s dans un dispositif qui vous permet de r\u00e9gler le temps d&rsquo;oscillation et la fr\u00e9quence de vibration.<br \/>\nL&rsquo;instrument utilise un mouvement pendulaire alternatif de 20 mm pour m\u00e9langer compl\u00e8tement l&rsquo;\u00e9chantillon.<\/p>\n<p>Application 1 : oscillateur sp\u00e9cialis\u00e9 dans la mesure de l&rsquo;amertume de la bi\u00e8re<br \/>\nLa mesure des substances am\u00e8res dans la bi\u00e8re a \u00e9t\u00e9 bien accueillie par les brasseries.<br \/>\nL&rsquo;instrument adopte un mouvement pendulaire de 20 mm, de sorte que la bi\u00e8re et l&rsquo;isooctane sont enti\u00e8rement m\u00e9lang\u00e9s (ils doivent \u00eatre laiteux) et que l&rsquo;amertume de la bi\u00e8re est enti\u00e8rement extraite par l&rsquo;isooctane.<br \/>\nGB\/T 4928-2001 M\u00e9thodes d&rsquo;analyse de la bi\u00e8re pour les amers<br \/>\nC2.1.4 \u00c9tapes de l&rsquo;analyse<br \/>\n&nbsp; &nbsp; A l&rsquo;aide d&rsquo;une pipette dont l&rsquo;extr\u00e9mit\u00e9 est recouverte d&rsquo;une goutte d&rsquo;octanol, aspirer 10,0 ml d&rsquo;\u00e9chantillon de bi\u00e8re froide (10\u2103) sans d\u00e9gazage dans un tube \u00e0 centrifuger de 50 ml, ajouter 1 ml de solution d&rsquo;acide chlorhydrique 3mol\/L et 20 ml d&rsquo;isooctane, visser le bouchon herm\u00e9tiquement, placer le tube sur l&rsquo;oscillateur \u00e9lectrique pendant 15 minutes (il doit \u00eatre laiteux), puis le transf\u00e9rer dans la centrifugeuse et le centrifuger pendant 10 minutes, de mani\u00e8re \u00e0 le stratifier. Aspirer d\u00e8s que possible la couche sup\u00e9rieure du liquide (couche d&rsquo;iso-octane), utiliser une cuvette de 10mm, \u00e0 une longueur d&rsquo;onde de 275nm, iso-octane-octanol (20mL d&rsquo;iso-octane + 1 goutte d&rsquo;octanol) comme solution de r\u00e9f\u00e9rence, pour d\u00e9terminer son absorbance A275 .<\/div>\n","protected":false},"excerpt":{"rendered":"<h3>Oscillateur pendulaire<\/h3>\n","protected":false},"featured_media":142,"comment_status":"closed","ping_status":"closed","template":"","meta":[],"product_brand":[],"product_cat":[26,32,55,21],"product_tag":[],"class_list":{"0":"post-105","1":"product","2":"type-product","3":"status-publish","4":"has-post-thumbnail","6":"product_cat-bouteilles-en-verre-bouteilles-de-biere-vin-whisky","7":"product_cat-cosmetiques-medicaments-aliments-en-sac","8":"product_cat-epaisseur","9":"product_cat-laboratoire","11":"first","12":"instock","13":"shipping-taxable","14":"product-type-simple"},"aioseo_notices":[],"_links":{"self":[{"href":"https:\/\/www.canneed.com\/fr\/wp-json\/wp\/v2\/product\/105","targetHints":{"allow":["GET"]}}],"collection":[{"href":"https:\/\/www.canneed.com\/fr\/wp-json\/wp\/v2\/product"}],"about":[{"href":"https:\/\/www.canneed.com\/fr\/wp-json\/wp\/v2\/types\/product"}],"replies":[{"embeddable":true,"href":"https:\/\/www.canneed.com\/fr\/wp-json\/wp\/v2\/comments?post=105"}],"wp:featuredmedia":[{"embeddable":true,"href":"https:\/\/www.canneed.com\/fr\/wp-json\/wp\/v2\/media\/142"}],"wp:attachment":[{"href":"https:\/\/www.canneed.com\/fr\/wp-json\/wp\/v2\/media?parent=105"}],"wp:term":[{"taxonomy":"product_brand","embeddable":true,"href":"https:\/\/www.canneed.com\/fr\/wp-json\/wp\/v2\/product_brand?post=105"},{"taxonomy":"product_cat","embeddable":true,"href":"https:\/\/www.canneed.com\/fr\/wp-json\/wp\/v2\/product_cat?post=105"},{"taxonomy":"product_tag","embeddable":true,"href":"https:\/\/www.canneed.com\/fr\/wp-json\/wp\/v2\/product_tag?post=105"}],"curies":[{"name":"wp","href":"https:\/\/api.w.org\/{rel}","templated":true}]}}