{"id":104,"date":"2025-05-13T15:57:30","date_gmt":"2025-05-13T07:57:30","guid":{"rendered":"http:\/\/www.canneed.com\/fr\/?post_type=product&#038;p=104"},"modified":"2025-05-13T15:57:38","modified_gmt":"2025-05-13T07:57:38","slug":"canneed-mb-800","status":"publish","type":"product","link":"https:\/\/www.canneed.com\/fr\/product\/canneed-mb-800\/","title":{"rendered":"CanNeed-MB-800"},"content":{"rendered":"<p>&nbsp;<\/p>\n<h3>Application<\/h3>\n<div class='prodocut_content'>Le CanNeed \u00ab CanNeed-MB-800 Auto Mashing Device \u00bb est le meilleur choix pour les laboratoires de bi\u00e8re et de malt.<\/p>\n<p>Caract\u00e9ristiques :<br \/>\n(1) 8 orifices (4 \/ 8 \/ 16 orifices en option).<br \/>\n(2) Entr\u00e9e d&rsquo;eau automatique.<br \/>\n(3) Moniteur LCD, affichage de la temp\u00e9rature et de l&rsquo;heure en temps r\u00e9el, possibilit\u00e9 d&rsquo;afficher la courbe de temp\u00e9rature.<br \/>\n(4) Programme contr\u00f4l\u00e9, contr\u00f4le pr\u00e9cis de la temp\u00e9rature.<br \/>\n(5) Le gobelet \u00e0 pur\u00e9e est fabriqu\u00e9 en acier inoxydable \u00e0 paroi \u00e9paisse, lisse et sans soudure.<br \/>\n(6) L&rsquo;int\u00e9rieur est \u00e9galement en acier inoxydable.<br \/>\n(7) Le couvercle de l&rsquo;\u00e9vier est en acier inoxydable poli.<br \/>\n(8) Pendant le processus d&#8217;emp\u00e2tage, tous les param\u00e8tres de temp\u00e9rature et de temps sont affich\u00e9s sur l&rsquo;\u00e9cran.<br \/>\n(9) Composants et technologie de pointe.<br \/>\n(10) Tr\u00e8s silencieux en fonctionnement.<\/div>\n<p>&nbsp;<\/p>\n<h3>Les avantages<\/h3>\n<div class='prodocut_content'>(1) Composants et technologie de pointe.<br \/>\n(2) La cuve de brassage est fabriqu\u00e9e en acier inoxydable \u00e0 paroi \u00e9paisse, lisse et sans soudure.<br \/>\n(3) Tr\u00e8s silencieux en fonctionnement.<\/div>\n","protected":false},"excerpt":{"rendered":"<h3>Dispositif d&rsquo;auto-blanchiment<\/h3>\n","protected":false},"featured_media":141,"comment_status":"closed","ping_status":"closed","template":"","meta":[],"product_brand":[],"product_cat":[24,32,21,54],"product_tag":[],"class_list":{"0":"post-104","1":"product","2":"type-product","3":"status-publish","4":"has-post-thumbnail","6":"product_cat-biere-mout-malt-microorganismes","7":"product_cat-cosmetiques-medicaments-aliments-en-sac","8":"product_cat-laboratoire","9":"product_cat-pouvoir-physique-et-chimique-mousse-saccharification-de-la-biere","11":"first","12":"instock","13":"shipping-taxable","14":"product-type-simple"},"aioseo_notices":[],"_links":{"self":[{"href":"https:\/\/www.canneed.com\/fr\/wp-json\/wp\/v2\/product\/104","targetHints":{"allow":["GET"]}}],"collection":[{"href":"https:\/\/www.canneed.com\/fr\/wp-json\/wp\/v2\/product"}],"about":[{"href":"https:\/\/www.canneed.com\/fr\/wp-json\/wp\/v2\/types\/product"}],"replies":[{"embeddable":true,"href":"https:\/\/www.canneed.com\/fr\/wp-json\/wp\/v2\/comments?post=104"}],"wp:featuredmedia":[{"embeddable":true,"href":"https:\/\/www.canneed.com\/fr\/wp-json\/wp\/v2\/media\/141"}],"wp:attachment":[{"href":"https:\/\/www.canneed.com\/fr\/wp-json\/wp\/v2\/media?parent=104"}],"wp:term":[{"taxonomy":"product_brand","embeddable":true,"href":"https:\/\/www.canneed.com\/fr\/wp-json\/wp\/v2\/product_brand?post=104"},{"taxonomy":"product_cat","embeddable":true,"href":"https:\/\/www.canneed.com\/fr\/wp-json\/wp\/v2\/product_cat?post=104"},{"taxonomy":"product_tag","embeddable":true,"href":"https:\/\/www.canneed.com\/fr\/wp-json\/wp\/v2\/product_tag?post=104"}],"curies":[{"name":"wp","href":"https:\/\/api.w.org\/{rel}","templated":true}]}}