{"id":102,"date":"2025-05-13T15:57:30","date_gmt":"2025-05-13T07:57:30","guid":{"rendered":"http:\/\/www.canneed.com\/fr\/?post_type=product&#038;p=102"},"modified":"2025-05-13T15:57:37","modified_gmt":"2025-05-13T07:57:37","slug":"canneed-isd-3000","status":"publish","type":"product","link":"https:\/\/www.canneed.com\/fr\/product\/canneed-isd-3000\/","title":{"rendered":"CanNeed-ISD-3000"},"content":{"rendered":"<p>&nbsp;<\/p>\n<h3>Application<\/h3>\n<div class='prodocut_content'>Le dispositif d&rsquo;\u00e9chantillonnage par ponction CanNeed-ISD-3000 de CanNeed Instruments est utilis\u00e9 pour pr\u00e9lever des \u00e9chantillons \u00e0 l&rsquo;int\u00e9rieur des produits en bouteille ou en bo\u00eete. Les boissons en bouteille ou en bo\u00eete sont plac\u00e9es sur la base et automatiquement perc\u00e9es en appuyant sur la poign\u00e9e, ce qui \u00e9tend la seringue jusqu&rsquo;au fond de la bouteille, o\u00f9 le liquide s&rsquo;\u00e9coule vers l&rsquo;instrument de mesure sous l&rsquo;action du gaz CO2 comprim\u00e9 de l&rsquo;ext\u00e9rieur.<\/p>\n<p>Application 1 : mesure de l&rsquo;oxyg\u00e8ne dissous dans la bi\u00e8re en bouteille<br \/>\nApplication 2 : mesure de la stabilit\u00e9 de la mousse.<br \/>\nPerforer la bi\u00e8re et les boissons en bouteille ou en bo\u00eete, puis diriger l&rsquo;\u00e9chantillon de liquide vers d&rsquo;autres instruments de mesure, soit en conjonction avec un testeur d&rsquo;oxyg\u00e8ne dissous, soit avec un testeur de stabilit\u00e9 de la mousse de bi\u00e8re. Il a \u00e9t\u00e9 choisi par de nombreuses filiales de CR, Tsingtao et Xuejin Brewing Enterprises.<\/div>\n","protected":false},"excerpt":{"rendered":"<h3>Dispositif de pr\u00e9l\u00e8vement par ponction<\/h3>\n","protected":false},"featured_media":139,"comment_status":"closed","ping_status":"closed","template":"","meta":[],"product_brand":[],"product_cat":[17,26,33,28,21],"product_tag":[],"class_list":{"0":"post-102","1":"product","2":"type-product","3":"status-publish","4":"has-post-thumbnail","6":"product_cat-biere-en-conserve-boisson-en-conserve-en-conserve","7":"product_cat-bouteilles-en-verre-bouteilles-de-biere-vin-whisky","8":"product_cat-bouteilles-pet-boissons-bouteilles-pet-embryons-de-bouteilles-bouchons-en-plastique","9":"product_cat-gaz-carbonique","10":"product_cat-laboratoire","12":"first","13":"instock","14":"shipping-taxable","15":"product-type-simple"},"aioseo_notices":[],"_links":{"self":[{"href":"https:\/\/www.canneed.com\/fr\/wp-json\/wp\/v2\/product\/102","targetHints":{"allow":["GET"]}}],"collection":[{"href":"https:\/\/www.canneed.com\/fr\/wp-json\/wp\/v2\/product"}],"about":[{"href":"https:\/\/www.canneed.com\/fr\/wp-json\/wp\/v2\/types\/product"}],"replies":[{"embeddable":true,"href":"https:\/\/www.canneed.com\/fr\/wp-json\/wp\/v2\/comments?post=102"}],"wp:featuredmedia":[{"embeddable":true,"href":"https:\/\/www.canneed.com\/fr\/wp-json\/wp\/v2\/media\/139"}],"wp:attachment":[{"href":"https:\/\/www.canneed.com\/fr\/wp-json\/wp\/v2\/media?parent=102"}],"wp:term":[{"taxonomy":"product_brand","embeddable":true,"href":"https:\/\/www.canneed.com\/fr\/wp-json\/wp\/v2\/product_brand?post=102"},{"taxonomy":"product_cat","embeddable":true,"href":"https:\/\/www.canneed.com\/fr\/wp-json\/wp\/v2\/product_cat?post=102"},{"taxonomy":"product_tag","embeddable":true,"href":"https:\/\/www.canneed.com\/fr\/wp-json\/wp\/v2\/product_tag?post=102"}],"curies":[{"name":"wp","href":"https:\/\/api.w.org\/{rel}","templated":true}]}}