{"id":100,"date":"2025-05-13T15:57:30","date_gmt":"2025-05-13T07:57:30","guid":{"rendered":"http:\/\/www.canneed.com\/fr\/?post_type=product&#038;p=100"},"modified":"2025-05-13T15:57:37","modified_gmt":"2025-05-13T07:57:37","slug":"canneed-iam-30","status":"publish","type":"product","link":"https:\/\/www.canneed.com\/fr\/product\/canneed-iam-30\/","title":{"rendered":"CanNeed-IAM-30"},"content":{"rendered":"<p>&nbsp;<\/p>\n<h3>Application<\/h3>\n<div class='prodocut_content'>Si le \u00ab CanNeed-IAM-30 Air Meter \u00bb est utilis\u00e9 avec le testeur de CO2 et le testeur de pression CanNeed-CAN-7001, il peut tester la teneur en CO2 ainsi que la teneur en air.<br \/>\nIl est con\u00e7u conform\u00e9ment \u00e0 la th\u00e9orie ASBC de l&rsquo;American Society of Brewing Chemists, correspondant \u00e0 la norme GB\/T 4928 &#8211; 2001 Brewing Analysis Methods et \u00e0 la norme GB\/T 10792 &#8211; 1995 Carbonated Beverage Analysis Methods. Par cons\u00e9quent, cette machine est largement utilis\u00e9e par les bureaux de contr\u00f4le de la qualit\u00e9 et de la supervision technique et par les entreprises de boissons.<\/p>\n<p>Principe de mesure :<br \/>\nApr\u00e8s avoir perc\u00e9 les bouteilles ou les canettes avec le testeur de CO2, le gaz contenu dans la bi\u00e8re en bouteille ou en canette p\u00e9n\u00e8tre dans l&rsquo;IAM-30, touche le liquide alcalin, puis le CO2 est absorb\u00e9 par le liquide alcalin. Le gaz restant (g\u00e9n\u00e9ralement N2 et O2) se concentre en haut du tube de mesure. Le volume de gaz est lu \u00e0 travers la graduation du tube de mesure.<\/div>\n<p>&nbsp;<\/p>\n<h3>Les avantages<\/h3>\n<div class='prodocut_content'>1. Le tube de mesure peut tourner librement avec la position centrale fixe comme pivot, ce qui permet au liquide alcalin d&rsquo;absorber compl\u00e8tement le CO2 dans les bulles sans faire tourner l&rsquo;ensemble du cadre de support.<br \/>\n2. Il y a une boule de liquide de reflux sur le dessus du tube de mesure, \u00e9vitant le d\u00e9bordement du liquide alcalin.<br \/>\n3. Le c\u0153ur de la vanne adopte quatre mat\u00e9riaux fluor\u00e9s, anti-corrosion alcaline.<br \/>\n4. La bouteille de mise \u00e0 niveau est fix\u00e9e par 3 colonnes, \u00e9vitant ainsi le renversement.<\/div>\n","protected":false},"excerpt":{"rendered":"<h3>Compteur d&rsquo;air<\/h3>\n","protected":false},"featured_media":136,"comment_status":"closed","ping_status":"closed","template":"","meta":[],"product_brand":[],"product_cat":[17,26,33,28,21],"product_tag":[],"class_list":{"0":"post-100","1":"product","2":"type-product","3":"status-publish","4":"has-post-thumbnail","6":"product_cat-biere-en-conserve-boisson-en-conserve-en-conserve","7":"product_cat-bouteilles-en-verre-bouteilles-de-biere-vin-whisky","8":"product_cat-bouteilles-pet-boissons-bouteilles-pet-embryons-de-bouteilles-bouchons-en-plastique","9":"product_cat-gaz-carbonique","10":"product_cat-laboratoire","12":"first","13":"instock","14":"shipping-taxable","15":"product-type-simple"},"aioseo_notices":[],"_links":{"self":[{"href":"https:\/\/www.canneed.com\/fr\/wp-json\/wp\/v2\/product\/100","targetHints":{"allow":["GET"]}}],"collection":[{"href":"https:\/\/www.canneed.com\/fr\/wp-json\/wp\/v2\/product"}],"about":[{"href":"https:\/\/www.canneed.com\/fr\/wp-json\/wp\/v2\/types\/product"}],"replies":[{"embeddable":true,"href":"https:\/\/www.canneed.com\/fr\/wp-json\/wp\/v2\/comments?post=100"}],"wp:featuredmedia":[{"embeddable":true,"href":"https:\/\/www.canneed.com\/fr\/wp-json\/wp\/v2\/media\/136"}],"wp:attachment":[{"href":"https:\/\/www.canneed.com\/fr\/wp-json\/wp\/v2\/media?parent=100"}],"wp:term":[{"taxonomy":"product_brand","embeddable":true,"href":"https:\/\/www.canneed.com\/fr\/wp-json\/wp\/v2\/product_brand?post=100"},{"taxonomy":"product_cat","embeddable":true,"href":"https:\/\/www.canneed.com\/fr\/wp-json\/wp\/v2\/product_cat?post=100"},{"taxonomy":"product_tag","embeddable":true,"href":"https:\/\/www.canneed.com\/fr\/wp-json\/wp\/v2\/product_tag?post=100"}],"curies":[{"name":"wp","href":"https:\/\/api.w.org\/{rel}","templated":true}]}}