{"id":613,"date":"2025-05-13T16:05:19","date_gmt":"2025-05-13T08:05:19","guid":{"rendered":"http:\/\/www.canneed.com\/fr\/?page_id=613"},"modified":"2025-05-21T11:31:53","modified_gmt":"2025-05-21T03:31:53","slug":"contact-us","status":"publish","type":"page","link":"https:\/\/www.canneed.com\/fr\/contact-us\/","title":{"rendered":"Service sur ligne"},"content":{"rendered":"<p class=\"has-primary-color has-text-color has-link-color wp-elements-459fc2c8b88191e72a04cfd2d9b7615a\">D\u00e9crivez minutieusement vos probl\u00e8mes, afin que nous poussions mieux servir pour vous ou votre entreprise, vous pouvez nous contacter par t\u00e9l\u00e9phone , merci de votre suppor<\/p><div class=\"wpforms-container wpforms-container-full wpforms-render-modern\" id=\"wpforms-11\"><form id=\"wpforms-form-11\" class=\"wpforms-validate wpforms-form wpforms-ajax-form\" data-formid=\"11\" method=\"post\" enctype=\"multipart\/form-data\" action=\"\/fr\/wp-json\/wp\/v2\/pages\/613\" data-token=\"7573d33b44f460e0e51d767314e2ea45\" data-token-time=\"1778417851\"><noscript class=\"wpforms-error-noscript\">Veuillez activer JavaScript dans votre navigateur pour remplir ce formulaire.<\/noscript><div class=\"wpforms-hidden\" id=\"wpforms-error-noscript\">Veuillez activer JavaScript dans votre navigateur pour remplir ce formulaire.<\/div><div class=\"wpforms-field-container\"><div id=\"wpforms-11-field_4-container\" class=\"wpforms-field wpforms-field-radio wpforms-list-inline\" data-field-id=\"4\"><fieldset><legend class=\"wpforms-field-label\">Type de message <span class=\"wpforms-required-label\" aria-hidden=\"true\">*<\/span><\/legend><ul id=\"wpforms-11-field_4\" class=\"wpforms-field-required\"><li class=\"choice-1 depth-1\"><input type=\"radio\" id=\"wpforms-11-field_4_1\" name=\"wpforms[fields][4]\" value=\"Laissez un message\" aria-errormessage=\"wpforms-11-field_4_1-error\" required ><label class=\"wpforms-field-label-inline\" for=\"wpforms-11-field_4_1\">Laissez un message<\/label><\/li><li class=\"choice-2 depth-1\"><input type=\"radio\" id=\"wpforms-11-field_4_2\" name=\"wpforms[fields][4]\" value=\"Recommandations\" aria-errormessage=\"wpforms-11-field_4_2-error\" required ><label class=\"wpforms-field-label-inline\" for=\"wpforms-11-field_4_2\">Recommandations<\/label><\/li><li class=\"choice-3 depth-1\"><input type=\"radio\" id=\"wpforms-11-field_4_3\" name=\"wpforms[fields][4]\" value=\"Plainte\" aria-errormessage=\"wpforms-11-field_4_3-error\" required ><label class=\"wpforms-field-label-inline\" for=\"wpforms-11-field_4_3\">Plainte<\/label><\/li><li class=\"choice-4 depth-1\"><input type=\"radio\" id=\"wpforms-11-field_4_4\" name=\"wpforms[fields][4]\" value=\"Coop\u00e9ration\" aria-errormessage=\"wpforms-11-field_4_4-error\" required ><label class=\"wpforms-field-label-inline\" for=\"wpforms-11-field_4_4\">Coop\u00e9ration<\/label><\/li><li class=\"choice-5 depth-1\"><input type=\"radio\" id=\"wpforms-11-field_4_5\" name=\"wpforms[fields][4]\" value=\"R\u00e9troaction apr\u00e8s ventes\" aria-errormessage=\"wpforms-11-field_4_5-error\" required ><label class=\"wpforms-field-label-inline\" for=\"wpforms-11-field_4_5\">R\u00e9troaction apr\u00e8s ventes<\/label><\/li><li class=\"choice-6 depth-1\"><input type=\"radio\" id=\"wpforms-11-field_4_6\" name=\"wpforms[fields][4]\" value=\"Commande du produit\" aria-errormessage=\"wpforms-11-field_4_6-error\" required ><label class=\"wpforms-field-label-inline\" for=\"wpforms-11-field_4_6\">Commande du produit<\/label><\/li><\/ul><\/fieldset><\/div><div id=\"wpforms-11-field_3-container\" class=\"wpforms-field wpforms-field-select wpforms-field-select-style-modern\" data-field-id=\"3\"><label class=\"wpforms-field-label\" for=\"wpforms-11-field_3\">Pays et r\u00e9gions <span class=\"wpforms-required-label\" aria-hidden=\"true\">*<\/span><\/label><select id=\"wpforms-11-field_3\" class=\"wpforms-field-large wpforms-field-required choicesjs-select\" data-size-class=\"wpforms-field-row wpforms-field-large\" data-search-enabled=\"1\" name=\"wpforms[fields][3]\" required=\"required\"><option value=\"\" class=\"placeholder\" disabled  selected='selected'>- Please select -<\/option><option value=\"United States of America\" >United States of America<\/option><option value=\"United Kingdom of Great Britain and Northern Ireland\" >United Kingdom of Great Britain and Northern Ireland<\/option><option value=\"Afghanistan\" >Afghanistan<\/option><option value=\"Albania\" >Albania<\/option><option value=\"Algeria\" >Algeria<\/option><option value=\"American Samoa\" >American Samoa<\/option><option value=\"Andorra\" >Andorra<\/option><option value=\"Angola\" >Angola<\/option><option value=\"Anguilla\" >Anguilla<\/option><option value=\"Antarctica\" >Antarctica<\/option><option value=\"Antigua and Barbuda\" >Antigua and Barbuda<\/option><option value=\"Argentina\" >Argentina<\/option><option value=\"Armenia\" >Armenia<\/option><option value=\"Aruba\" >Aruba<\/option><option value=\"Australia\" >Australia<\/option><option value=\"Austria\" >Austria<\/option><option value=\"Azerbaijan\" >Azerbaijan<\/option><option value=\"Bahamas\" >Bahamas<\/option><option value=\"Bahrain\" >Bahrain<\/option><option value=\"Bangladesh\" >Bangladesh<\/option><option value=\"Barbados\" >Barbados<\/option><option value=\"Belarus\" >Belarus<\/option><option value=\"Belgium\" >Belgium<\/option><option value=\"Belize\" >Belize<\/option><option value=\"Benin\" >Benin<\/option><option value=\"Bermuda\" >Bermuda<\/option><option value=\"Bhutan\" >Bhutan<\/option><option value=\"Bolivia (Plurinational State of)\" >Bolivia (Plurinational State of)<\/option><option value=\"Bonaire, Saint Eustatius and Saba\" >Bonaire, Saint Eustatius and Saba<\/option><option value=\"Bosnia and Herzegovina\" >Bosnia and Herzegovina<\/option><option value=\"Botswana\" >Botswana<\/option><option value=\"Bouvet Island\" >Bouvet Island<\/option><option value=\"Brazil\" >Brazil<\/option><option value=\"British Indian Ocean Territory\" >British Indian Ocean Territory<\/option><option value=\"Brunei Darussalam\" >Brunei Darussalam<\/option><option value=\"Bulgaria\" >Bulgaria<\/option><option value=\"Burkina Faso\" >Burkina Faso<\/option><option value=\"Burundi\" >Burundi<\/option><option value=\"Cabo Verde\" >Cabo Verde<\/option><option value=\"Cambodia\" >Cambodia<\/option><option value=\"Cameroon\" >Cameroon<\/option><option value=\"Canada\" >Canada<\/option><option value=\"Cayman Islands\" >Cayman Islands<\/option><option value=\"Central African Republic\" >Central African Republic<\/option><option value=\"Chad\" >Chad<\/option><option value=\"Chile\" >Chile<\/option><option value=\"China\" >China<\/option><option value=\"Christmas Island\" >Christmas Island<\/option><option value=\"Cocos (Keeling) Islands\" >Cocos (Keeling) Islands<\/option><option value=\"Colombia\" >Colombia<\/option><option value=\"Comoros\" >Comoros<\/option><option value=\"Congo\" >Congo<\/option><option value=\"Congo (Democratic Republic of the)\" >Congo (Democratic Republic of the)<\/option><option value=\"Cook Islands\" >Cook Islands<\/option><option value=\"Costa Rica\" >Costa Rica<\/option><option value=\"Croatia\" >Croatia<\/option><option value=\"Cuba\" >Cuba<\/option><option value=\"Cura\u00e7ao\" >Cura\u00e7ao<\/option><option value=\"Cyprus\" >Cyprus<\/option><option value=\"Czech Republic\" >Czech Republic<\/option><option value=\"C\u00f4te d&#039;Ivoire\" >C\u00f4te d&#039;Ivoire<\/option><option value=\"Denmark\" >Denmark<\/option><option value=\"Djibouti\" >Djibouti<\/option><option value=\"Dominica\" >Dominica<\/option><option value=\"Dominican Republic\" >Dominican Republic<\/option><option value=\"Ecuador\" >Ecuador<\/option><option value=\"Egypt\" >Egypt<\/option><option value=\"El Salvador\" >El Salvador<\/option><option value=\"Equatorial Guinea\" >Equatorial Guinea<\/option><option value=\"Eritrea\" >Eritrea<\/option><option value=\"Estonia\" >Estonia<\/option><option value=\"Eswatini (Kingdom of)\" >Eswatini (Kingdom of)<\/option><option value=\"Ethiopia\" >Ethiopia<\/option><option value=\"Falkland Islands (Malvinas)\" >Falkland Islands (Malvinas)<\/option><option value=\"Faroe Islands\" >Faroe Islands<\/option><option value=\"Fiji\" >Fiji<\/option><option value=\"Finland\" >Finland<\/option><option value=\"France\" >France<\/option><option value=\"French Guiana\" >French Guiana<\/option><option value=\"French Polynesia\" >French Polynesia<\/option><option value=\"French Southern Territories\" >French Southern Territories<\/option><option value=\"Gabon\" >Gabon<\/option><option value=\"Gambia\" >Gambia<\/option><option value=\"Georgia\" >Georgia<\/option><option value=\"Germany\" >Germany<\/option><option value=\"Ghana\" >Ghana<\/option><option value=\"Gibraltar\" >Gibraltar<\/option><option value=\"Greece\" >Greece<\/option><option value=\"Greenland\" >Greenland<\/option><option value=\"Grenada\" >Grenada<\/option><option value=\"Guadeloupe\" >Guadeloupe<\/option><option value=\"Guam\" >Guam<\/option><option value=\"Guatemala\" >Guatemala<\/option><option value=\"Guernsey\" >Guernsey<\/option><option value=\"Guinea\" >Guinea<\/option><option value=\"Guinea-Bissau\" >Guinea-Bissau<\/option><option value=\"Guyana\" >Guyana<\/option><option value=\"Haiti\" >Haiti<\/option><option value=\"Heard Island and McDonald Islands\" >Heard Island and McDonald Islands<\/option><option value=\"Honduras\" >Honduras<\/option><option value=\"Hong Kong\" >Hong Kong<\/option><option value=\"Hungary\" >Hungary<\/option><option value=\"Iceland\" >Iceland<\/option><option value=\"India\" >India<\/option><option value=\"Indonesia\" >Indonesia<\/option><option value=\"Iran (Islamic Republic of)\" >Iran (Islamic Republic of)<\/option><option value=\"Iraq\" >Iraq<\/option><option value=\"Ireland (Republic of)\" >Ireland (Republic of)<\/option><option value=\"Isle of Man\" >Isle of Man<\/option><option value=\"Israel\" >Israel<\/option><option value=\"Italy\" >Italy<\/option><option value=\"Jamaica\" >Jamaica<\/option><option value=\"Japan\" >Japan<\/option><option value=\"Jersey\" >Jersey<\/option><option value=\"Jordan\" >Jordan<\/option><option value=\"Kazakhstan\" >Kazakhstan<\/option><option value=\"Kenya\" >Kenya<\/option><option value=\"Kiribati\" >Kiribati<\/option><option value=\"Korea (Democratic People&#039;s Republic of)\" >Korea (Democratic People&#039;s Republic of)<\/option><option value=\"Korea (Republic of)\" >Korea (Republic of)<\/option><option value=\"Kosovo\" >Kosovo<\/option><option value=\"Kuwait\" >Kuwait<\/option><option value=\"Kyrgyzstan\" >Kyrgyzstan<\/option><option value=\"Lao People&#039;s Democratic Republic\" >Lao People&#039;s Democratic Republic<\/option><option value=\"Latvia\" >Latvia<\/option><option value=\"Lebanon\" >Lebanon<\/option><option value=\"Lesotho\" >Lesotho<\/option><option value=\"Liberia\" >Liberia<\/option><option value=\"Libya\" >Libya<\/option><option value=\"Liechtenstein\" >Liechtenstein<\/option><option value=\"Lithuania\" >Lithuania<\/option><option value=\"Luxembourg\" >Luxembourg<\/option><option value=\"Macao\" >Macao<\/option><option value=\"Madagascar\" >Madagascar<\/option><option value=\"Malawi\" >Malawi<\/option><option value=\"Malaysia\" >Malaysia<\/option><option value=\"Maldives\" >Maldives<\/option><option value=\"Mali\" >Mali<\/option><option value=\"Malta\" >Malta<\/option><option value=\"Marshall Islands\" >Marshall Islands<\/option><option value=\"Martinique\" >Martinique<\/option><option value=\"Mauritania\" >Mauritania<\/option><option value=\"Mauritius\" >Mauritius<\/option><option value=\"Mayotte\" >Mayotte<\/option><option value=\"Mexico\" >Mexico<\/option><option value=\"Micronesia (Federated States of)\" >Micronesia (Federated States of)<\/option><option value=\"Moldova (Republic of)\" >Moldova (Republic of)<\/option><option value=\"Monaco\" >Monaco<\/option><option value=\"Mongolia\" >Mongolia<\/option><option value=\"Montenegro\" >Montenegro<\/option><option value=\"Montserrat\" >Montserrat<\/option><option value=\"Morocco\" >Morocco<\/option><option value=\"Mozambique\" >Mozambique<\/option><option value=\"Myanmar\" >Myanmar<\/option><option value=\"Namibia\" >Namibia<\/option><option value=\"Nauru\" >Nauru<\/option><option value=\"Nepal\" >Nepal<\/option><option value=\"Netherlands\" >Netherlands<\/option><option value=\"New Caledonia\" >New Caledonia<\/option><option value=\"New Zealand\" >New Zealand<\/option><option value=\"Nicaragua\" >Nicaragua<\/option><option value=\"Niger\" >Niger<\/option><option value=\"Nigeria\" >Nigeria<\/option><option value=\"Niue\" >Niue<\/option><option value=\"Norfolk Island\" >Norfolk Island<\/option><option value=\"North Macedonia (Republic of)\" >North Macedonia (Republic of)<\/option><option value=\"Northern Mariana Islands\" >Northern Mariana Islands<\/option><option value=\"Norway\" >Norway<\/option><option value=\"Oman\" >Oman<\/option><option value=\"Pakistan\" >Pakistan<\/option><option value=\"Palau\" >Palau<\/option><option value=\"Palestine (State of)\" >Palestine (State of)<\/option><option value=\"Panama\" >Panama<\/option><option value=\"Papua New Guinea\" >Papua New Guinea<\/option><option value=\"Paraguay\" >Paraguay<\/option><option value=\"Peru\" >Peru<\/option><option value=\"Philippines\" >Philippines<\/option><option value=\"Pitcairn\" >Pitcairn<\/option><option value=\"Poland\" >Poland<\/option><option value=\"Portugal\" >Portugal<\/option><option value=\"Puerto Rico\" >Puerto Rico<\/option><option value=\"Qatar\" >Qatar<\/option><option value=\"Romania\" >Romania<\/option><option value=\"Russian Federation\" >Russian Federation<\/option><option value=\"Rwanda\" >Rwanda<\/option><option value=\"R\u00e9union\" >R\u00e9union<\/option><option value=\"Saint Barth\u00e9lemy\" >Saint Barth\u00e9lemy<\/option><option value=\"Saint Helena, Ascension and Tristan da Cunha\" >Saint Helena, Ascension and Tristan da Cunha<\/option><option value=\"Saint Kitts and Nevis\" >Saint Kitts and Nevis<\/option><option value=\"Saint Lucia\" >Saint Lucia<\/option><option value=\"Saint Martin (French part)\" >Saint Martin (French part)<\/option><option value=\"Saint Pierre and Miquelon\" >Saint Pierre and Miquelon<\/option><option value=\"Saint Vincent and the Grenadines\" >Saint Vincent and the Grenadines<\/option><option value=\"Samoa\" >Samoa<\/option><option value=\"San Marino\" >San Marino<\/option><option value=\"Sao Tome and Principe\" >Sao Tome and Principe<\/option><option value=\"Saudi Arabia\" >Saudi Arabia<\/option><option value=\"Senegal\" >Senegal<\/option><option value=\"Serbia\" >Serbia<\/option><option value=\"Seychelles\" >Seychelles<\/option><option value=\"Sierra Leone\" >Sierra Leone<\/option><option value=\"Singapore\" >Singapore<\/option><option value=\"Sint Maarten (Dutch part)\" >Sint Maarten (Dutch part)<\/option><option value=\"Slovakia\" >Slovakia<\/option><option value=\"Slovenia\" >Slovenia<\/option><option value=\"Solomon Islands\" >Solomon Islands<\/option><option value=\"Somalia\" >Somalia<\/option><option value=\"South Africa\" >South Africa<\/option><option value=\"South Georgia and the South Sandwich Islands\" >South Georgia and the South Sandwich Islands<\/option><option value=\"South Sudan\" >South Sudan<\/option><option value=\"Spain\" >Spain<\/option><option value=\"Sri Lanka\" >Sri Lanka<\/option><option value=\"Sudan\" >Sudan<\/option><option value=\"Suriname\" >Suriname<\/option><option value=\"Svalbard and Jan Mayen\" >Svalbard and Jan Mayen<\/option><option value=\"Sweden\" >Sweden<\/option><option value=\"Switzerland\" >Switzerland<\/option><option value=\"Syrian Arab Republic\" >Syrian Arab Republic<\/option><option value=\"Taiwan, Province of China\" >Taiwan, Province of China<\/option><option value=\"Tajikistan\" >Tajikistan<\/option><option value=\"Tanzania (United Republic of)\" >Tanzania (United Republic of)<\/option><option value=\"Thailand\" >Thailand<\/option><option value=\"Timor-Leste\" >Timor-Leste<\/option><option value=\"Togo\" >Togo<\/option><option value=\"Tokelau\" >Tokelau<\/option><option value=\"Tonga\" >Tonga<\/option><option value=\"Trinidad and Tobago\" >Trinidad and Tobago<\/option><option value=\"Tunisia\" >Tunisia<\/option><option value=\"Turkey\" >Turkey<\/option><option value=\"Turkmenistan\" >Turkmenistan<\/option><option value=\"Turks and Caicos Islands\" >Turks and Caicos Islands<\/option><option value=\"Tuvalu\" >Tuvalu<\/option><option value=\"Uganda\" >Uganda<\/option><option value=\"Ukraine\" >Ukraine<\/option><option value=\"United Arab Emirates\" >United Arab Emirates<\/option><option value=\"United States Minor Outlying Islands\" >United States Minor Outlying Islands<\/option><option value=\"Uruguay\" >Uruguay<\/option><option value=\"Uzbekistan\" >Uzbekistan<\/option><option value=\"Vanuatu\" >Vanuatu<\/option><option value=\"Vatican City State\" >Vatican City State<\/option><option value=\"Venezuela (Bolivarian Republic of)\" >Venezuela (Bolivarian Republic of)<\/option><option value=\"Vietnam\" >Vietnam<\/option><option value=\"Virgin Islands (British)\" >Virgin Islands (British)<\/option><option value=\"Virgin Islands (U.S.)\" >Virgin Islands (U.S.)<\/option><option value=\"Wallis and Futuna\" >Wallis and Futuna<\/option><option value=\"Western Sahara\" >Western Sahara<\/option><option value=\"Yemen\" >Yemen<\/option><option value=\"Zambia\" >Zambia<\/option><option value=\"Zimbabwe\" >Zimbabwe<\/option><option value=\"\u00c5land Islands\" >\u00c5land Islands<\/option><\/select><\/div><div id=\"wpforms-11-field_5-container\" class=\"wpforms-field wpforms-field-text\" data-field-id=\"5\"><label class=\"wpforms-field-label\" for=\"wpforms-11-field_5\">Entreprise  <span class=\"wpforms-required-label\" aria-hidden=\"true\">*<\/span><\/label><input type=\"text\" id=\"wpforms-11-field_5\" class=\"wpforms-field-medium wpforms-field-required\" name=\"wpforms[fields][5]\" aria-errormessage=\"wpforms-11-field_5-error\" required><\/div><div id=\"wpforms-11-field_6-container\" class=\"wpforms-field wpforms-field-text\" data-field-id=\"6\"><label class=\"wpforms-field-label\" for=\"wpforms-11-field_6\">D\u00e9partement  <span class=\"wpforms-required-label\" aria-hidden=\"true\">*<\/span><\/label><input type=\"text\" id=\"wpforms-11-field_6\" class=\"wpforms-field-medium wpforms-field-required\" name=\"wpforms[fields][6]\" aria-errormessage=\"wpforms-11-field_6-error\" required><\/div><div id=\"wpforms-11-field_0-container\" class=\"wpforms-field wpforms-field-name\" data-field-id=\"0\"><label class=\"wpforms-field-label\" for=\"wpforms-11-field_0\">Nom complet  <span class=\"wpforms-required-label\" aria-hidden=\"true\">*<\/span><\/label><input type=\"text\" id=\"wpforms-11-field_0\" class=\"wpforms-field-medium wpforms-field-required\" name=\"wpforms[fields][0]\" aria-errormessage=\"wpforms-11-field_0-error\" required><\/div><div id=\"wpforms-11-field_7-container\" class=\"wpforms-field wpforms-field-number\" data-field-id=\"7\"><label class=\"wpforms-field-label\" for=\"wpforms-11-field_7\">T\u00e9l\u00e9phone  <span class=\"wpforms-required-label\" aria-hidden=\"true\">*<\/span><\/label><input type=\"number\" id=\"wpforms-11-field_7\" class=\"wpforms-field-medium wpforms-field-required\" name=\"wpforms[fields][7]\" step=\"any\" aria-errormessage=\"wpforms-11-field_7-error\" required><\/div><div id=\"wpforms-11-field_1-container\" class=\"wpforms-field wpforms-field-email\" data-field-id=\"1\"><label class=\"wpforms-field-label\" for=\"wpforms-11-field_1\">Email  <span class=\"wpforms-required-label\" aria-hidden=\"true\">*<\/span><\/label><input type=\"email\" id=\"wpforms-11-field_1\" class=\"wpforms-field-medium wpforms-field-required\" name=\"wpforms[fields][1]\" spellcheck=\"false\" aria-errormessage=\"wpforms-11-field_1-error\" required><\/div><div id=\"wpforms-11-field_9-container\" class=\"wpforms-field wpforms-field-text screen-reader-text\" data-field-id=\"9\"><label class=\"wpforms-field-label\" for=\"wpforms-11-field_9\">produit<\/label><input type=\"text\" id=\"wpforms-11-field_9\" class=\"wpforms-field-medium\" name=\"wpforms[fields][9]\" aria-errormessage=\"wpforms-11-field_9-error\" ><\/div><div id=\"wpforms-11-field_2-container\" class=\"wpforms-field wpforms-field-textarea\" data-field-id=\"2\"><label class=\"wpforms-field-label\" for=\"wpforms-11-field_2\">Contenu  <span class=\"wpforms-required-label\" aria-hidden=\"true\">*<\/span><\/label><textarea id=\"wpforms-11-field_2\" class=\"wpforms-field-medium wpforms-field-required\" name=\"wpforms[fields][2]\" aria-errormessage=\"wpforms-11-field_2-error\" required><\/textarea><\/div><\/div><!-- .wpforms-field-container --><div class=\"wpforms-submit-container\" ><input type=\"hidden\" name=\"wpforms[id]\" value=\"11\"><input type=\"hidden\" name=\"page_title\" value=\"\"><input type=\"hidden\" name=\"page_url\" value=\"https:\/\/www.canneed.com\/fr\/wp-json\/wp\/v2\/pages\/613\"><input type=\"hidden\" name=\"url_referer\" value=\"\"><button type=\"submit\" name=\"wpforms[submit]\" id=\"wpforms-submit-11\" class=\"wpforms-submit\" aria-live=\"assertive\" value=\"wpforms-submit\">Soumettre<\/button><img loading=\"lazy\" decoding=\"async\" src=\"https:\/\/www.canneed.com\/fr\/wp-content\/plugins\/wpforms-lite\/assets\/images\/submit-spin.svg\" class=\"wpforms-submit-spinner\" style=\"display: none;\" width=\"26\" height=\"26\" alt=\"Chargement en cours\"><\/div><\/form><\/div>  <!-- .wpforms-container --><div class=\"wp-block-group is-nowrap is-layout-flex wp-container-core-group-is-layout-1 wp-block-group-is-layout-flex\"><\/div><p class=\"has-small-font-size\">Show Contact Details -&gt;<\/p><hr class=\"wp-block-separator has-alpha-channel-opacity\"\/><p class=\"has-small-font-size\"><strong>\u5609\u5100\u5100\u5668\uff08\u9999\u6e2f\uff09\u6709\u9650\u516c\u53f8&nbsp;<\/strong><\/p><p class=\"has-x-small-font-size\">CANNEED INSTRUMENT\uff08HK\uff09LIMITED&nbsp;<br>\u5730\u5740\uff1a\u9999\u6e2f\u7063\u4ed4\u7687\u540e\u5927\u9053\u6771231-233\u865f\u6052\u5a01\u5546\u696d\u5927\u5ec819\u5c64&nbsp;<br>19\/F HANG WAI COMM BLDG 231-233 QUEEN\u2019S RD EAST WAN CHAI&nbsp;<\/p><hr class=\"wp-block-separator has-alpha-channel-opacity\"\/><p class=\"has-small-font-size\"><strong>\u5e7f\u4e1c\u5609\u4eea\u4eea\u5668\u96c6\u56e2\u6709\u9650\u516c\u53f8<\/strong><\/p><p class=\"has-x-small-font-size\">\u5730\u5740\uff1a\u5e7f\u4e1c\u7701\u8087\u5e86\u5e02\u9f0e\u6e56\u533a\u6842\u57ce\u8857\u9053\u987a\u666f\u8def203\u53f7<br>\u90ae\u7f16: 526070<br>\u7535\u8bdd: 0758-8522669<br>\u4f20\u771f: 0758-8522863<br>\u90ae\u7bb1: info@canneed.com<br>\u7f51\u5740: www.canneed.com<\/p><hr class=\"wp-block-separator has-alpha-channel-opacity\"\/><p>&#8230;<\/p><p><\/p>","protected":false},"excerpt":{"rendered":"<p>D\u00e9crivez minutieusement vos probl\u00e8mes, afin que nous poussions mieux servir pour vous ou votre entreprise, vous pouvez nous contacter par t\u00e9l\u00e9phone , merci de votre suppor Show Contact Details -&gt; \u5609\u5100\u5100\u5668\uff08\u9999\u6e2f\uff09\u6709\u9650\u516c\u53f8&nbsp; CANNEED INSTRUMENT\uff08HK\uff09LIMITED&nbsp;\u5730\u5740\uff1a\u9999\u6e2f\u7063\u4ed4\u7687\u540e\u5927\u9053\u6771231-233\u865f\u6052\u5a01\u5546\u696d\u5927\u5ec819\u5c64&nbsp;19\/F HANG WAI COMM BLDG 231-233 QUEEN\u2019S RD EAST WAN CHAI&nbsp; \u5e7f\u4e1c\u5609\u4eea\u4eea\u5668\u96c6\u56e2\u6709\u9650\u516c\u53f8 \u5730\u5740\uff1a\u5e7f\u4e1c\u7701\u8087\u5e86\u5e02\u9f0e\u6e56\u533a\u6842\u57ce\u8857\u9053\u987a\u666f\u8def203\u53f7\u90ae\u7f16: 526070\u7535\u8bdd: 0758-8522669\u4f20\u771f: 0758-8522863\u90ae\u7bb1: info@canneed.com\u7f51\u5740: www.canneed.com &#8230;<\/p>\n","protected":false},"author":1,"featured_media":0,"parent":0,"menu_order":2,"comment_status":"closed","ping_status":"closed","template":"","meta":{"footnotes":""},"class_list":["post-613","page","type-page","status-publish","hentry"],"aioseo_notices":[],"_links":{"self":[{"href":"https:\/\/www.canneed.com\/fr\/wp-json\/wp\/v2\/pages\/613","targetHints":{"allow":["GET"]}}],"collection":[{"href":"https:\/\/www.canneed.com\/fr\/wp-json\/wp\/v2\/pages"}],"about":[{"href":"https:\/\/www.canneed.com\/fr\/wp-json\/wp\/v2\/types\/page"}],"author":[{"embeddable":true,"href":"https:\/\/www.canneed.com\/fr\/wp-json\/wp\/v2\/users\/1"}],"replies":[{"embeddable":true,"href":"https:\/\/www.canneed.com\/fr\/wp-json\/wp\/v2\/comments?post=613"}],"version-history":[{"count":2,"href":"https:\/\/www.canneed.com\/fr\/wp-json\/wp\/v2\/pages\/613\/revisions"}],"predecessor-version":[{"id":642,"href":"https:\/\/www.canneed.com\/fr\/wp-json\/wp\/v2\/pages\/613\/revisions\/642"}],"wp:attachment":[{"href":"https:\/\/www.canneed.com\/fr\/wp-json\/wp\/v2\/media?parent=613"}],"curies":[{"name":"wp","href":"https:\/\/api.w.org\/{rel}","templated":true}]}}