{"id":304,"date":"2025-05-15T10:04:50","date_gmt":"2025-05-15T02:04:50","guid":{"rendered":"http:\/\/www.canneed.com\/de\/?post_type=product&#038;p=304"},"modified":"2025-05-15T10:04:58","modified_gmt":"2025-05-15T02:04:58","slug":"canneed-der-400-2","status":"publish","type":"product","link":"https:\/\/www.canneed.com\/de\/product\/canneed-der-400-2\/","title":{"rendered":"CanNeed-DER-400"},"content":{"rendered":"<p>&nbsp;<\/p>\n<h3>Anwendung<\/h3>\n<div class='prodocut_content'>Zur Pr\u00fcfung der Unversehrtheit des Beschichtungsfilms im Inneren des Tanks (Dichtheit des inneren Beschichtungsfilms, aktueller Wert)<\/div>\n<p>&nbsp;<\/p>\n<h3>Vorteile<\/h3>\n<div class='prodocut_content'>Verbessertes elektronisches Design, empfindlichere, zuverl\u00e4ssigere und genauere Messungen, 0,01mA-Teilung<\/div>\n","protected":false},"excerpt":{"rendered":"<h3>Pr\u00fcfger\u00e4t f\u00fcr die Integrit\u00e4t des Beschichtungsfilms im can<\/h3>\n","protected":false},"featured_media":335,"template":"","meta":[],"product_brand":[],"product_cat":[17,19,22,27,23],"product_tag":[],"class_list":{"0":"post-304","1":"product","2":"type-product","3":"status-publish","4":"has-post-thumbnail","6":"product_cat-bier-in-dosen-getraenke-in-dosen-konserven","7":"product_cat-doppelter-saum","8":"product_cat-dreiteilige-dose-spruehdose-beschichtung","9":"product_cat-online-verpackungslinie","10":"product_cat-zweiteilige-dose-aluminiumflasche","12":"first","13":"instock","14":"shipping-taxable","15":"product-type-simple"},"aioseo_notices":[],"_links":{"self":[{"href":"https:\/\/www.canneed.com\/de\/wp-json\/wp\/v2\/product\/304","targetHints":{"allow":["GET"]}}],"collection":[{"href":"https:\/\/www.canneed.com\/de\/wp-json\/wp\/v2\/product"}],"about":[{"href":"https:\/\/www.canneed.com\/de\/wp-json\/wp\/v2\/types\/product"}],"wp:featuredmedia":[{"embeddable":true,"href":"https:\/\/www.canneed.com\/de\/wp-json\/wp\/v2\/media\/335"}],"wp:attachment":[{"href":"https:\/\/www.canneed.com\/de\/wp-json\/wp\/v2\/media?parent=304"}],"wp:term":[{"taxonomy":"product_brand","embeddable":true,"href":"https:\/\/www.canneed.com\/de\/wp-json\/wp\/v2\/product_brand?post=304"},{"taxonomy":"product_cat","embeddable":true,"href":"https:\/\/www.canneed.com\/de\/wp-json\/wp\/v2\/product_cat?post=304"},{"taxonomy":"product_tag","embeddable":true,"href":"https:\/\/www.canneed.com\/de\/wp-json\/wp\/v2\/product_tag?post=304"}],"curies":[{"name":"wp","href":"https:\/\/api.w.org\/{rel}","templated":true}]}}