{"id":523,"date":"2025-07-29T15:03:58","date_gmt":"2025-07-29T07:03:58","guid":{"rendered":"https:\/\/www.canneed.com\/cn\/?post_type=product&#038;p=523"},"modified":"2026-02-24T10:56:47","modified_gmt":"2026-02-24T02:56:47","slug":"canneed-apg-1000p","status":"publish","type":"product","link":"https:\/\/www.canneed.com\/cn\/product\/canneed-apg-1000p\/","title":{"rendered":"CanNeed-APG-1000P"},"content":{"rendered":"<h3>\u4ea7\u54c1\u5e94\u7528<\/h3>\n<div class=\"prodocut_content\">\n<h4>\u4e00\uff0e\u4eea\u5668\u4ecb\u7ecd\uff1a<\/h4>\n<p>CanNeed-APG-1000\u74f6\u58c1\u539a\u53ca\u5916\u90e8\u5c3a\u5bf8\u5168\u81ea\u52a8\u6d4b\u5b9a\u4eea\u662f\u975e\u63a5\u89e6\u5f0f\u4e00\u952e\u81ea\u52a8\u6d4b\u91cf\u7684\u4e00\u6b3e\u8bbe\u5907\uff0c\u5176\u4e3b\u8981\u529f\u80fd\u662f\u5168\u81ea\u52a8\u6d4b\u91cfPET\u3001\u73bb\u7483\u74f6\u7b49\u5916\u5c3a\u5bf8\u53ca\u539a\u5ea6\uff0c\u5168\u81ea\u52a8\u6d4b\u91cf\u900f\u660e\u53ca\u975e\u900f\u660e\u5bb9\u5668\u7684\u5916\u5c3a\u5bf8\u3002<\/p>\n<h4>\u4e8c\uff0e\u68c0\u6d4b\u9879\u76ee\u548c\u529f\u80fd<\/h4>\n<p>a)\u603b\u9ad8\u5ea6<\/p>\n<p>b)\u5206\u6bb5\u9ad8\u5ea6<\/p>\n<p>c)\u76f4\u5f84\uff1a\u74f6\u8eab\u4e00\u5468\u7684\u6700\u5927\u6700\u5c0f\u76f4\u5f84<\/p>\n<p>d)\u539a\u5ea6\uff1a\u74f6\u8eab\u4e00\u5468\u7684\u6700\u5927\u3001\u6700\u5c0f\u3001\u5e73\u5747\u503c<\/p>\n<p>\u4e09\uff0e\u6d4b\u91cf\u5404\u53c2\u6570\u3001\u8303\u56f4\u3001\u7cbe\u5ea6\u3001\u5206\u5ea6\u3001\u5355\u4f4d\uff0c\u53ef\u6d4b\u91cf\u70b9<\/p>\n<p>a)\u6d4b\u91cf\u8303\u56f4\uff1a\u74f6\u9ad8 70-380mm\uff0c\u74f6\u8eab\u76f4\u5f84\/\u5bbd\u5ea6 40-160mm\uff0c\u539a\u5ea6\u5c0f\u4e8e 10mm<\/p>\n<p>b)\u89c6\u91ce\u8303\u56f4\uff1a\u5bbd 180mm<\/p>\n<p>c)\u6d4b\u91cf\u7cbe\u5ea6\uff1a\u9ad8\u5ea6\u3001\u76f4\u5f84\u9ad8\u4e8e 05mm\uff0c\u539a\u5ea6\u9ad8\u4e8e 0.003mm<\/p>\n<p>d)\u00a0 1.\u6837\u54c1\u653e\u7f6e\u6570\u91cf:1\u3002<\/p>\n<p>2.NG\u7559\u6837\u65b9\u5f0f:\u4eba\u5de5\u5904\u7406<\/p>\n<p>3.\u53ef\u4ee5\u7559\u6837\u6570\u91cf:1\u3002<\/p>\n<p>e)\u6821\u51c6\u65b9\u5f0f\uff1a1.\u5916\u5c3a\u5bf8\uff1a\u624b\u52a8\u653e\u7f6e\u6821\u51c6\u67f1\u3001\u8f93\u5165\u771f\u5b9e\u503c\u3001\u81ea\u52a8\u6821\u51c6<\/p>\n<p>2.\u539a\u5ea6\uff1a\u624b\u52a8\u653e\u7f6e\u6821\u51c6\u7247\u6750\u3001\u8f93\u5165\u771f\u5b9e\u503c\u3001\u81ea\u52a8\u6821\u51c6<\/p>\n<p>f)\u4eea\u5668\u5916\u5c3a\u5bf8:1.(L\u00d7W\u00d7H)930\u00d7750\u00d71200<\/p>\n<p>2.\u91cd\u91cf\uff1a\u7ea6 150KG<\/p>\n<p>3.\u7535\u6e90\uff1aAC220V50Hz<\/p>\n<p>g)\u5b89\u5168\u8bbe\u8ba1\uff1a 1.\u94dd\u578b\u6750\u673a\u7bb1<\/p>\n<p>2.\u64cd\u4f5c\u9632\u62a4\u95e8<\/p>\n<div class=\"prodocut_content\">\n<h4>\u56db\uff0e\u6d4b\u91cf\u539f\u7406<\/h4>\n<p>\u6d4b\u91cf\u65b9\u5f0f\uff1a\u5149\u5b66<\/p>\n<p>\u6280\u672f\u539f\u7406\uff1aa.\u5916\u5c3a\u5bf8\u901a\u8fc7\u80cc\u5149\u5f0f\u89c6\u89c9\u68c0\u6d4b<\/p>\n<p>b.\u539a\u5ea6\u901a\u8fc7\u5149\u8c31\u5171\u7126<\/p>\n<p><img loading=\"lazy\" decoding=\"async\" class=\" wp-image-2432 alignleft\" src=\"http:\/\/www.canneed.com\/cn\/wp-content\/uploads\/sites\/8\/2025\/07\/\u56fe\u72472-2.png\" alt=\"\" width=\"292\" height=\"241\" \/> <img loading=\"lazy\" decoding=\"async\" class=\"aligncenter wp-image-2433\" src=\"http:\/\/www.canneed.com\/cn\/wp-content\/uploads\/sites\/8\/2025\/07\/\u56fe\u72473-1.png\" alt=\"\" width=\"473\" height=\"239\" srcset=\"https:\/\/www.canneed.com\/cn\/wp-content\/uploads\/sites\/8\/2025\/07\/\u56fe\u72473-1.png 474w, https:\/\/www.canneed.com\/cn\/wp-content\/uploads\/sites\/8\/2025\/07\/\u56fe\u72473-1-300x152.png 300w\" sizes=\"auto, (max-width: 473px) 100vw, 473px\" \/><\/p>\n<\/div>\n<p>&nbsp;<\/p>\n<div class=\"prodocut_content\">\n<h4>\u4e94\uff0e\u6d4b\u91cf\u8fc7\u7a0b\uff1a<\/h4>\n<p>CanNeed-APG-1000 \u5168\u81ea\u52a8\u5916\u5c3a\u5bf8\u6d4b\u5b9a\u4eea\u91c7\u7528\u7cbe\u5bc6\u6210\u50cf\u7cfb\u7edf\uff0c\u53ea\u9700\u4eba\u5de5\u653e\u5165\u6837\u54c1\uff0c\u5728\u7535\u8111\u8f6f\u4ef6\u70b9\u51fb\u6d4b\u91cf\uff0c\u5c31\u80fd\u77ac\u95f4\u83b7\u5f97\u74f6\u5b50\u5916\u8f6e\u5ed3\u5c3a\u5bf8\uff0c\u7cfb\u7edf\u8f6f\u4ef6\u81ea\u52a8\u8ba1\u7b97\u9700\u76d1\u63a7\u7684\u5c3a\u5bf8\uff0c\u80fd\u4e3a\u751f\u4ea7\u7cfb\u7edf\u63d0\u4f9b\u8fc5\u901f\u800c\u6709\u6548\u7684\u8d28\u91cf\u53cd\u9988\u3002\u540c\u65f6\uff0c\u6570\u636e\u5e93\u81ea\u52a8\u4fdd\u5b58\u6570\u636e\u548c\u56fe\u50cf\uff0c\u4e3a\u8d28\u91cf\u7ba1\u7406\u63d0\u4f9b\u66f4\u4e3a\u771f\u5b9e\u7684\u6eaf\u6e90\u6570\u636e\u3002<\/p>\n<h4>\u516d\uff0e\u4ea7\u54c1\u4f18\u70b9\uff1a<\/h4>\n<ul>\n<li>\u901a\u8fc7\u4e13\u4e1a\u8f6f\u4ef6\u8fde\u63a5\u5916\u7f6e\u53f0\u5f0f\u7535\u8111\u64cd\u4f5c\uff0c\u7b80\u5355\u65b9\u4fbf\u3002<\/li>\n<li>\u5f53\u524d\u6570\u636e\u5b9e\u65f6\u663e\u793a\u3002<\/li>\n<li>\u975e\u63a5\u89e6\u6027\u6d4b\u91cf\u3002<\/li>\n<li>\u7a0b\u5f0f\uff0c\u6240\u6709\u6570\u636e\u4e00\u952e\u6d4b\u91cf\uff0c\u51cf\u5c0f\u4eba\u529b\uff0c\u964d\u4f4e\u4eba\u4e3a\u9009\u70b9\u6d4b\u91cf\u5dee\u5f02\uff1b<\/li>\n<li>\u6570\u636e\u6c38\u4e45\u4fdd\u5b58\uff0c\u968f\u610f\u67e5\u8be2\uff0c\u5e76\u53ef\u4ee5.xls \u683c\u5f0f\u5bfc\u51fa\u5e76\u6253\u5370\u3002<\/li>\n<\/ul>\n<\/div>\n<\/div>\n","protected":false},"excerpt":{"rendered":"<h3>\u74f6\u58c1\u539a\u53ca\u5916\u90e8\u5c3a\u5bf8\u5168\u81ea\u52a8\u6d4b\u5b9a\u4eea<\/h3>\n","protected":false},"featured_media":568,"template":"","meta":[],"product_brand":[],"product_cat":[33,27,38,20,32,19,16,21,28],"product_tag":[],"class_list":{"0":"post-523","1":"product","2":"type-product","3":"status-publish","4":"has-post-thumbnail","6":"product_cat-pet-pet--","7":"product_cat-27","8":"product_cat-38","9":"product_cat-20","10":"product_cat-32","11":"product_cat-19","12":"product_cat-16","13":"product_cat-21","14":"product_cat-28","16":"first","17":"instock","18":"shipping-taxable","19":"product-type-simple"},"aioseo_notices":[],"_links":{"self":[{"href":"https:\/\/www.canneed.com\/cn\/wp-json\/wp\/v2\/product\/523","targetHints":{"allow":["GET"]}}],"collection":[{"href":"https:\/\/www.canneed.com\/cn\/wp-json\/wp\/v2\/product"}],"about":[{"href":"https:\/\/www.canneed.com\/cn\/wp-json\/wp\/v2\/types\/product"}],"wp:featuredmedia":[{"embeddable":true,"href":"https:\/\/www.canneed.com\/cn\/wp-json\/wp\/v2\/media\/568"}],"wp:attachment":[{"href":"https:\/\/www.canneed.com\/cn\/wp-json\/wp\/v2\/media?parent=523"}],"wp:term":[{"taxonomy":"product_brand","embeddable":true,"href":"https:\/\/www.canneed.com\/cn\/wp-json\/wp\/v2\/product_brand?post=523"},{"taxonomy":"product_cat","embeddable":true,"href":"https:\/\/www.canneed.com\/cn\/wp-json\/wp\/v2\/product_cat?post=523"},{"taxonomy":"product_tag","embeddable":true,"href":"https:\/\/www.canneed.com\/cn\/wp-json\/wp\/v2\/product_tag?post=523"}],"curies":[{"name":"wp","href":"https:\/\/api.w.org\/{rel}","templated":true}]}}