{"id":1322,"date":"2025-08-21T09:42:47","date_gmt":"2025-08-21T01:42:47","guid":{"rendered":"https:\/\/www.canneed.com\/cn\/?post_type=product&#038;p=1322"},"modified":"2025-08-21T11:42:42","modified_gmt":"2025-08-21T03:42:42","slug":"canneed-hdy","status":"publish","type":"product","link":"https:\/\/www.canneed.com\/cn\/product\/canneed-hdy\/","title":{"rendered":"CanNeed-HDY"},"content":{"rendered":"<h3 class=\"uk-heading-bullet uks-heading-line uk-heading-divider uks-text-center\">\u4ea7\u54c1\u5e94\u7528<\/h3>\n<div class=\"prodocut_content\">\n<p class=\"\"><span class=\"\">CanNeed<\/span><span class=\"\">\u516c\u53f8<\/span><span class=\"\">CanNeed-HDY<\/span><span class=\"\">\u74f6\u76d6\u9ad8\u5ea6\u3001\u539a\u5ea6\u68c0\u6d4b\u4eea\u8bbe\u6709\u4e13\u7528\u6d4b\u91cf\u5e73\u53f0\uff0c\u8fd0\u7528\u767e\u5206\u8868\u91cf\u5ea6\u74f6\u76d6\u5c3a\u5bf8\uff0c\u5f97\u51fa\u74f6\u76d6\u9ad8\u5ea6\u3001\u539a\u5ea6\u3002<\/span><\/p>\n<p class=\"\"><span class=\"\">HDY\u00a0<\/span><span class=\"\">\u74f6\u76d6\u9ad8\u5ea6\u3001\u539a\u5ea6\u68c0\u6d4b\u4eea\u5e7f\u6cdb\u5e94\u7528\u4e8e\u74f6\u76d6\u5382\u3001\u5564\u9152\u5382\u3001\u996e\u6599\u5382\u3002<\/span><\/p>\n<p class=\"\"><span class=\"\">HDY\u00a0<\/span><span class=\"\">\u74f6\u76d6\u9ad8\u5ea6\u3001\u539a\u5ea6\u68c0\u6d4b\u4eea\u4f7f\u7528\u4e0d\u9508\u94a2\u6750\u6599\u5236\u9020\u3002<\/span><\/p>\n<\/div>\n<h3 class=\"uk-heading-bullet uks-heading-line uk-heading-divider uks-text-center\">\u6280\u672f\u53c2\u6570<\/h3>\n<div class=\"prodocut_content\"><span class=\"\">1)\u6d4b\u91cf\u8303\u56f4:0-10mm<\/span><br class=\"\" \/><span class=\"\">2)\u7cbe\u5ea6:0.01mm<\/span><br class=\"\" \/><span class=\"\">3)\u5c3a\u5bf8\uff08L\u00d7H\u00d7W):100\u00d7100\u00d7160<\/span><br class=\"\" \/><span class=\"\">4)\u91cd\u91cf:1000\u514b<\/span><\/div>\n","protected":false},"excerpt":{"rendered":"<h3>\u74f6\u76d6\u9ad8\u5ea6\u3001\u539a\u5ea6\u68c0\u6d4b\u4eea<\/h3>\n","protected":false},"featured_media":1325,"template":"","meta":[],"product_brand":[],"product_cat":[20,32,19,16,21,26],"product_tag":[],"class_list":{"0":"post-1322","1":"product","2":"type-product","3":"status-publish","4":"has-post-thumbnail","6":"product_cat-20","7":"product_cat-32","8":"product_cat-19","9":"product_cat-16","10":"product_cat-21","11":"product_cat-26","13":"first","14":"instock","15":"shipping-taxable","16":"product-type-simple"},"aioseo_notices":[],"_links":{"self":[{"href":"https:\/\/www.canneed.com\/cn\/wp-json\/wp\/v2\/product\/1322","targetHints":{"allow":["GET"]}}],"collection":[{"href":"https:\/\/www.canneed.com\/cn\/wp-json\/wp\/v2\/product"}],"about":[{"href":"https:\/\/www.canneed.com\/cn\/wp-json\/wp\/v2\/types\/product"}],"wp:featuredmedia":[{"embeddable":true,"href":"https:\/\/www.canneed.com\/cn\/wp-json\/wp\/v2\/media\/1325"}],"wp:attachment":[{"href":"https:\/\/www.canneed.com\/cn\/wp-json\/wp\/v2\/media?parent=1322"}],"wp:term":[{"taxonomy":"product_brand","embeddable":true,"href":"https:\/\/www.canneed.com\/cn\/wp-json\/wp\/v2\/product_brand?post=1322"},{"taxonomy":"product_cat","embeddable":true,"href":"https:\/\/www.canneed.com\/cn\/wp-json\/wp\/v2\/product_cat?post=1322"},{"taxonomy":"product_tag","embeddable":true,"href":"https:\/\/www.canneed.com\/cn\/wp-json\/wp\/v2\/product_tag?post=1322"}],"curies":[{"name":"wp","href":"https:\/\/api.w.org\/{rel}","templated":true}]}}